{"id":22,"date":"2023-04-24T00:30:35","date_gmt":"2023-04-23T22:30:35","guid":{"rendered":"https:\/\/www.thenordicmark.com\/cz\/?page_id=22"},"modified":"2024-05-30T12:29:40","modified_gmt":"2024-05-30T10:29:40","slug":"kontact","status":"publish","type":"page","link":"https:\/\/www.thenordicmark.com\/cz\/kontact\/","title":{"rendered":"Kontakty"},"content":{"rendered":"\n<h2 class=\"wp-block-heading has-text-align-left\">Kontaktn\u00ed informace<\/h2>\n\n\n\n<div style=\"height:40px\" aria-hidden=\"true\" class=\"wp-block-spacer\"><\/div>\n\n\n\n<div class=\"wp-block-columns is-layout-flex wp-container-core-columns-is-layout-28f84493 wp-block-columns-is-layout-flex\">\n<div class=\"wp-block-column is-layout-flow wp-block-column-is-layout-flow\"><div class=\"wp-block-image\">\n<figure class=\"alignleft size-full is-resized\"><img decoding=\"async\" src=\"https:\/\/www.thenordicmark.com\/cz\/wp-content\/uploads\/2023\/04\/thenordicmark-logo.svg\" alt=\"thenordicmark KFT\" class=\"wp-image-7\" style=\"width:200px\"\/><\/figure>\n<\/div>\n\n\n<p><\/p>\n\n\n\n<div style=\"height:20px\" aria-hidden=\"true\" class=\"wp-block-spacer\"><\/div>\n\n\n\n<p>thenordicmark s.r.o.<br>Husova 191, 266 01 Beroun,<br>\u010cesk\u00e1 republika<\/p>\n\n\n\n<ul class=\"wp-block-list\">\n<li><a href=\"mailto:info.cz@thenordicmark.com\">info.cz[at]thenordicmark.com<\/a><\/li>\n<\/ul>\n\n\n\n<p><strong>I\u010cO:<\/strong>&nbsp;07224851<br><strong>DI\u010c:<\/strong>&nbsp;CZ07224851<\/p>\n\n\n\n<p>UniCredit Bank Czech Republic a.s. 1387411051\/2700<br>Swift: BACXCZPP<br>Account number\/IBAN: CZ71 2700 0000 0013 8741 1051\u00a0\u00a0\u00a0\u00a0\u00a0\u00a0\u00a0\u00a0\u00a0\u00a0\u00a0\u00a0\u00a0\u00a0\u00a0\u00a0\u00a0\u00a0\u00a0\u00a0\u00a0\u00a0\u00a0\u00a0\u00a0\u00a0\u00a0\u00a0\u00a0\u00a0\u00a0<\/p>\n<\/div>\n\n\n\n<div class=\"wp-block-column is-layout-flow wp-block-column-is-layout-flow\" style=\"flex-basis:60%\">\n<iframe src=\"https:\/\/www.google.com\/maps\/embed?pb=!1m18!1m12!1m3!1d2567.1381721003336!2d14.06892497606713!3d49.952510523092144!2m3!1f0!2f0!3f0!3m2!1i1024!2i768!4f13.1!3m3!1m2!1s0x470ba50c8fe6a9c5%3A0x3329dc9d46b024f2!2sHusova%20191%2C%20266%2001%20Beroun%201%2C%20Csehorsz%C3%A1g!5e0!3m2!1scz!2scz!4v1708590788831!5m2!1scz!2scz&language=cz\" width=\"600\" height=\"450\" style=\"border:0;\" allowfullscreen=\"\" loading=\"lazy\" referrerpolicy=\"no-referrer-when-downgrade\"><\/iframe>\n<\/div>\n<\/div>\n","protected":false},"excerpt":{"rendered":"<p>Kontaktn\u00ed informace thenordicmark s.r.o.Husova 191, 266 01 Beroun,\u010cesk\u00e1 republika I\u010cO:&nbsp;07224851DI\u010c:&nbsp;CZ07224851 UniCredit Bank Czech Republic a.s. 1387411051\/2700Swift: BACXCZPPAccount number\/IBAN: CZ71 2700 0000 0013 8741 1051\u00a0\u00a0\u00a0\u00a0\u00a0\u00a0\u00a0\u00a0\u00a0\u00a0\u00a0\u00a0\u00a0\u00a0\u00a0\u00a0\u00a0\u00a0\u00a0\u00a0\u00a0\u00a0\u00a0\u00a0\u00a0\u00a0\u00a0\u00a0\u00a0\u00a0\u00a0<\/p>\n","protected":false},"author":1,"featured_media":0,"parent":0,"menu_order":0,"comment_status":"closed","ping_status":"closed","template":"","meta":{"_acf_changed":false,"inline_featured_image":false,"footnotes":""},"class_list":["post-22","page","type-page","status-publish","hentry"],"acf":[],"_links":{"self":[{"href":"https:\/\/www.thenordicmark.com\/cz\/wp-json\/wp\/v2\/pages\/22","targetHints":{"allow":["GET"]}}],"collection":[{"href":"https:\/\/www.thenordicmark.com\/cz\/wp-json\/wp\/v2\/pages"}],"about":[{"href":"https:\/\/www.thenordicmark.com\/cz\/wp-json\/wp\/v2\/types\/page"}],"author":[{"embeddable":true,"href":"https:\/\/www.thenordicmark.com\/cz\/wp-json\/wp\/v2\/users\/1"}],"replies":[{"embeddable":true,"href":"https:\/\/www.thenordicmark.com\/cz\/wp-json\/wp\/v2\/comments?post=22"}],"version-history":[{"count":40,"href":"https:\/\/www.thenordicmark.com\/cz\/wp-json\/wp\/v2\/pages\/22\/revisions"}],"predecessor-version":[{"id":3675,"href":"https:\/\/www.thenordicmark.com\/cz\/wp-json\/wp\/v2\/pages\/22\/revisions\/3675"}],"wp:attachment":[{"href":"https:\/\/www.thenordicmark.com\/cz\/wp-json\/wp\/v2\/media?parent=22"}],"curies":[{"name":"wp","href":"https:\/\/api.w.org\/{rel}","templated":true}]}}