{"id":3665,"date":"2024-05-07T10:09:09","date_gmt":"2024-05-07T08:09:09","guid":{"rendered":"https:\/\/www.thenordicmark.com\/cz\/?page_id=3665"},"modified":"2024-05-07T10:16:22","modified_gmt":"2024-05-07T08:16:22","slug":"katalogy","status":"publish","type":"page","link":"https:\/\/www.thenordicmark.com\/cz\/katalogy\/","title":{"rendered":"Katalogy"},"content":{"rendered":"\n<h1 class=\"wp-block-heading\"><strong>Katalogy<\/strong><\/h1>\n\n\n\n<p>Prohl\u00e9dn\u011bte si n\u00e1\u0161 katalog produkt\u016f!<\/p>\n\n\n\n<h2 class=\"wp-block-heading\">Helios<\/h2>\n\n\n<div class=\"_df_thumb \" id=\"df_3661\"  _slug=\"helios\" data-title=\"helios\" wpoptions=\"true\" thumb=\"https:\/\/www.thenordicmark.com\/cz\/wp-content\/uploads\/2024\/05\/HELIOS-DECO-BARVY-A-LAKY-PRO-DEKORACI-A-OCHRANU_CZ.jpg\" thumbtype=\"\" >Helios<\/div><script class=\"df-shortcode-script\" nowprocket type=\"application\/javascript\">window.option_df_3661 = {\"outline\":[],\"autoEnableOutline\":\"false\",\"autoEnableThumbnail\":\"false\",\"overwritePDFOutline\":\"false\",\"direction\":\"1\",\"pageSize\":\"0\",\"source\":\"https:\\\/\\\/www.thenordicmark.com\\\/cz\\\/wp-content\\\/uploads\\\/2024\\\/05\\\/HELIOS-DECO-BARVY-A-LAKY-PRO-DEKORACI-A-OCHRANU_CZ.pdf\",\"wpOptions\":\"true\"}; if(window.DFLIP && window.DFLIP.parseBooks){window.DFLIP.parseBooks();}<\/script>\n","protected":false},"excerpt":{"rendered":"<p>Katalogy Prohl\u00e9dn\u011bte si n\u00e1\u0161 katalog produkt\u016f! Helios<\/p>\n","protected":false},"author":1,"featured_media":0,"parent":0,"menu_order":0,"comment_status":"closed","ping_status":"closed","template":"","meta":{"_acf_changed":false,"inline_featured_image":false,"footnotes":""},"class_list":["post-3665","page","type-page","status-publish","hentry"],"acf":[],"_links":{"self":[{"href":"https:\/\/www.thenordicmark.com\/cz\/wp-json\/wp\/v2\/pages\/3665","targetHints":{"allow":["GET"]}}],"collection":[{"href":"https:\/\/www.thenordicmark.com\/cz\/wp-json\/wp\/v2\/pages"}],"about":[{"href":"https:\/\/www.thenordicmark.com\/cz\/wp-json\/wp\/v2\/types\/page"}],"author":[{"embeddable":true,"href":"https:\/\/www.thenordicmark.com\/cz\/wp-json\/wp\/v2\/users\/1"}],"replies":[{"embeddable":true,"href":"https:\/\/www.thenordicmark.com\/cz\/wp-json\/wp\/v2\/comments?post=3665"}],"version-history":[{"count":5,"href":"https:\/\/www.thenordicmark.com\/cz\/wp-json\/wp\/v2\/pages\/3665\/revisions"}],"predecessor-version":[{"id":3924,"href":"https:\/\/www.thenordicmark.com\/cz\/wp-json\/wp\/v2\/pages\/3665\/revisions\/3924"}],"wp:attachment":[{"href":"https:\/\/www.thenordicmark.com\/cz\/wp-json\/wp\/v2\/media?parent=3665"}],"curies":[{"name":"wp","href":"https:\/\/api.w.org\/{rel}","templated":true}]}}