{"id":12,"date":"2023-04-24T00:29:14","date_gmt":"2023-04-23T22:29:14","guid":{"rendered":"https:\/\/thenordicmark.com\/hu\/?page_id=12"},"modified":"2023-05-27T04:50:27","modified_gmt":"2023-05-27T02:50:27","slug":"termekek","status":"publish","type":"page","link":"https:\/\/www.thenordicmark.com\/hu\/termekek\/","title":{"rendered":"Term\u00e9kek"},"content":{"rendered":"\n<p>A term\u00e9kk\u00edn\u00e1lat f\u0151k\u00e9nt ipari \u00e9s dekor\u00e1ci\u00f3s fest\u00e9kek gy\u00e1rt\u00f3inak m\u00e1rk\u00e1ib\u00f3l \u00e1ll. Ezek a term\u00e9kek mindenki sz\u00e1m\u00e1ra megfelel\u0151 megold\u00e1st ny\u00fajthatnak, legyen sz\u00f3 a kiv\u00e1l\u00f3 min\u0151s\u00e9g ny\u00fajtotta tart\u00f3ss\u00e1got kedvel\u0151k, vagy a gazdas\u00e1gos, megfelel\u0151 \u00e1ron el\u00e9rhet\u0151 term\u00e9ket keres\u0151k t\u00e1bor\u00e1r\u00f3l. A term\u00e9kk\u00edn\u00e1lat jelent\u0151s h\u00e1nyad\u00e1t a f\u00e9miparban \u00e9s faiparban alkalmazhat\u00f3, professzion\u00e1lis felhaszn\u00e1l\u00e1sra sz\u00e1nt term\u00e9kek alkotj\u00e1k. A portfoli\u00f3t a fest\u0151szersz\u00e1mok, ragaszt\u00f3k \u00e9s dekor\u00e1ci\u00f3s term\u00e9kek sz\u00e9les k\u00edn\u00e1lata b\u0151v\u00edti.<\/p>\n","protected":false},"excerpt":{"rendered":"<p>A term\u00e9kk\u00edn\u00e1lat f\u0151k\u00e9nt ipari \u00e9s dekor\u00e1ci\u00f3s fest\u00e9kek gy\u00e1rt\u00f3inak m\u00e1rk\u00e1ib\u00f3l \u00e1ll. Ezek a term\u00e9kek mindenki sz\u00e1m\u00e1ra megfelel\u0151 megold\u00e1st ny\u00fajthatnak, legyen sz\u00f3 a kiv\u00e1l\u00f3 min\u0151s\u00e9g ny\u00fajtotta tart\u00f3ss\u00e1got kedvel\u0151k, vagy a gazdas\u00e1gos, megfelel\u0151 \u00e1ron el\u00e9rhet\u0151 term\u00e9ket keres\u0151k t\u00e1bor\u00e1r\u00f3l. A term\u00e9kk\u00edn\u00e1lat jelent\u0151s h\u00e1nyad\u00e1t a f\u00e9miparban \u00e9s faiparban alkalmazhat\u00f3, professzion\u00e1lis felhaszn\u00e1l\u00e1sra sz\u00e1nt term\u00e9kek alkotj\u00e1k. A portfoli\u00f3t a fest\u0151szersz\u00e1mok, ragaszt\u00f3k \u00e9s [&hellip;]<\/p>\n","protected":false},"author":1,"featured_media":0,"parent":0,"menu_order":0,"comment_status":"closed","ping_status":"closed","template":"","meta":{"_acf_changed":false,"inline_featured_image":false,"footnotes":""},"class_list":["post-12","page","type-page","status-publish","hentry"],"acf":[],"_links":{"self":[{"href":"https:\/\/www.thenordicmark.com\/hu\/wp-json\/wp\/v2\/pages\/12","targetHints":{"allow":["GET"]}}],"collection":[{"href":"https:\/\/www.thenordicmark.com\/hu\/wp-json\/wp\/v2\/pages"}],"about":[{"href":"https:\/\/www.thenordicmark.com\/hu\/wp-json\/wp\/v2\/types\/page"}],"author":[{"embeddable":true,"href":"https:\/\/www.thenordicmark.com\/hu\/wp-json\/wp\/v2\/users\/1"}],"replies":[{"embeddable":true,"href":"https:\/\/www.thenordicmark.com\/hu\/wp-json\/wp\/v2\/comments?post=12"}],"version-history":[{"count":4,"href":"https:\/\/www.thenordicmark.com\/hu\/wp-json\/wp\/v2\/pages\/12\/revisions"}],"predecessor-version":[{"id":958,"href":"https:\/\/www.thenordicmark.com\/hu\/wp-json\/wp\/v2\/pages\/12\/revisions\/958"}],"wp:attachment":[{"href":"https:\/\/www.thenordicmark.com\/hu\/wp-json\/wp\/v2\/media?parent=12"}],"curies":[{"name":"wp","href":"https:\/\/api.w.org\/{rel}","templated":true}]}}