{"id":22,"date":"2023-04-24T00:30:35","date_gmt":"2023-04-23T22:30:35","guid":{"rendered":"https:\/\/thenordicmark.com\/hu\/?page_id=22"},"modified":"2026-03-27T09:40:46","modified_gmt":"2026-03-27T08:40:46","slug":"kapcsolat","status":"publish","type":"page","link":"https:\/\/www.thenordicmark.com\/hu\/kapcsolat\/","title":{"rendered":"Kapcsolat"},"content":{"rendered":"\n<h2 class=\"wp-block-heading has-text-align-left\">El\u00e9rhet\u0151s\u00e9gek<\/h2>\n\n\n\n<div style=\"height:40px\" aria-hidden=\"true\" class=\"wp-block-spacer\"><\/div>\n\n\n\n<div class=\"wp-block-columns is-layout-flex wp-container-core-columns-is-layout-28f84493 wp-block-columns-is-layout-flex\">\n<div class=\"wp-block-column is-layout-flow wp-block-column-is-layout-flow\"><div class=\"wp-block-image\">\n<figure class=\"alignleft size-full is-resized\"><img decoding=\"async\" src=\"https:\/\/www.thenordicmark.com\/hu\/wp-content\/uploads\/2023\/04\/thenordicmark-logo.svg\" alt=\"thenordicmark KFT\" class=\"wp-image-7\" style=\"width:200px\"\/><\/figure><\/div>\n\n\n<p><\/p>\n\n\n\n<div style=\"height:20px\" aria-hidden=\"true\" class=\"wp-block-spacer\"><\/div>\n\n\n\n<p>thenordicmark KFT<br>Gy\u00e1li \u00fat 27-29.<br>1097 Budapest<\/p>\n\n\n\n<ul class=\"wp-block-list\">\n<li><a href=\"tel:+3613483040\">+36&nbsp;1&nbsp;348 3040<\/a><\/li>\n\n\n\n<li><a href=\"mailto:info.hu@thenordicmark.com\" target=\"_blank\" rel=\"noreferrer noopener\">info.hu@thenordicmark.com<\/a><\/li>\n<\/ul>\n\n\n\n<p><strong>C\u00e9gjegyz\u00e9k sz\u00e1m:<\/strong>&nbsp;01-09-072793<br><strong>Ad\u00f3azonos\u00edt\u00f3 sz\u00e1m:<\/strong>&nbsp;10510153-2-43<\/p>\n\n\n\n<p>Bank neve: UniCredit bank<br>Sz\u00e1mla sz\u00e1ma:&nbsp;10918001-00000069-81390006<\/p>\n<\/div>\n\n\n\n<div class=\"wp-block-column is-layout-flow wp-block-column-is-layout-flow\" style=\"flex-basis:60%\">\n<iframe src=\"https:\/\/www.google.com\/maps\/embed?pb=!1m18!1m12!1m3!1d2172.054645326121!2d19.100720865029913!3d47.46296491466276!2m3!1f0!2f0!3f0!3m2!1i1024!2i768!4f13.1!3m3!1m2!1s0x4741dd89353ef075%3A0x534c2b5feffb80d8!2zQnVkYXBlc3QsIEd5w6FsaSDDunQgMjcsIDEwOTc!5e0!3m2!1sen!2shu!4v1750764734896!5m2!1sen!2shu\" width=\"600\" height=\"450\" style=\"border:0;\" allowfullscreen=\"\" loading=\"lazy\" referrerpolicy=\"no-referrer-when-downgrade\"><\/iframe>\n<\/div>\n<\/div>\n","protected":false},"excerpt":{"rendered":"<p>El\u00e9rhet\u0151s\u00e9gek thenordicmark KFTGy\u00e1li \u00fat 27-29.1097 Budapest C\u00e9gjegyz\u00e9k sz\u00e1m:&nbsp;01-09-072793Ad\u00f3azonos\u00edt\u00f3 sz\u00e1m:&nbsp;10510153-2-43 Bank neve: UniCredit bankSz\u00e1mla sz\u00e1ma:&nbsp;10918001-00000069-81390006<\/p>\n","protected":false},"author":1,"featured_media":0,"parent":0,"menu_order":0,"comment_status":"closed","ping_status":"closed","template":"","meta":{"_acf_changed":false,"inline_featured_image":false,"footnotes":""},"class_list":["post-22","page","type-page","status-publish","hentry"],"acf":[],"_links":{"self":[{"href":"https:\/\/www.thenordicmark.com\/hu\/wp-json\/wp\/v2\/pages\/22","targetHints":{"allow":["GET"]}}],"collection":[{"href":"https:\/\/www.thenordicmark.com\/hu\/wp-json\/wp\/v2\/pages"}],"about":[{"href":"https:\/\/www.thenordicmark.com\/hu\/wp-json\/wp\/v2\/types\/page"}],"author":[{"embeddable":true,"href":"https:\/\/www.thenordicmark.com\/hu\/wp-json\/wp\/v2\/users\/1"}],"replies":[{"embeddable":true,"href":"https:\/\/www.thenordicmark.com\/hu\/wp-json\/wp\/v2\/comments?post=22"}],"version-history":[{"count":31,"href":"https:\/\/www.thenordicmark.com\/hu\/wp-json\/wp\/v2\/pages\/22\/revisions"}],"predecessor-version":[{"id":4227,"href":"https:\/\/www.thenordicmark.com\/hu\/wp-json\/wp\/v2\/pages\/22\/revisions\/4227"}],"wp:attachment":[{"href":"https:\/\/www.thenordicmark.com\/hu\/wp-json\/wp\/v2\/media?parent=22"}],"curies":[{"name":"wp","href":"https:\/\/api.w.org\/{rel}","templated":true}]}}