{"id":24,"date":"2023-04-24T00:30:48","date_gmt":"2023-04-23T22:30:48","guid":{"rendered":"https:\/\/thenordicmark.com\/hu\/?page_id=24"},"modified":"2024-03-01T09:42:02","modified_gmt":"2024-03-01T08:42:02","slug":"kisokos","status":"publish","type":"page","link":"https:\/\/www.thenordicmark.com\/hu\/kisokos\/","title":{"rendered":"Kisokos"},"content":{"rendered":"\n<p class=\"has-text-align-center has-medium-font-size\"><strong>Az al\u00e1bbi m\u00e1rkalog\u00f3kra kattintva a thenordicmark Kft. \u00e1ltal forgalmazott term\u00e9kek biztons\u00e1gi adatlapjai, term\u00e9kle\u00edr\u00e1sai \u00e9s egy\u00e9b hasznos dokumentumok \u00e9rhet\u0151k el.<\/strong><\/p>\n","protected":false},"excerpt":{"rendered":"<p>Az al\u00e1bbi m\u00e1rkalog\u00f3kra kattintva a thenordicmark Kft. \u00e1ltal forgalmazott term\u00e9kek biztons\u00e1gi adatlapjai, term\u00e9kle\u00edr\u00e1sai \u00e9s egy\u00e9b hasznos dokumentumok \u00e9rhet\u0151k el.<\/p>\n","protected":false},"author":1,"featured_media":0,"parent":0,"menu_order":0,"comment_status":"closed","ping_status":"closed","template":"","meta":{"_acf_changed":false,"inline_featured_image":false,"footnotes":""},"class_list":["post-24","page","type-page","status-publish","hentry"],"acf":[],"_links":{"self":[{"href":"https:\/\/www.thenordicmark.com\/hu\/wp-json\/wp\/v2\/pages\/24","targetHints":{"allow":["GET"]}}],"collection":[{"href":"https:\/\/www.thenordicmark.com\/hu\/wp-json\/wp\/v2\/pages"}],"about":[{"href":"https:\/\/www.thenordicmark.com\/hu\/wp-json\/wp\/v2\/types\/page"}],"author":[{"embeddable":true,"href":"https:\/\/www.thenordicmark.com\/hu\/wp-json\/wp\/v2\/users\/1"}],"replies":[{"embeddable":true,"href":"https:\/\/www.thenordicmark.com\/hu\/wp-json\/wp\/v2\/comments?post=24"}],"version-history":[{"count":9,"href":"https:\/\/www.thenordicmark.com\/hu\/wp-json\/wp\/v2\/pages\/24\/revisions"}],"predecessor-version":[{"id":3468,"href":"https:\/\/www.thenordicmark.com\/hu\/wp-json\/wp\/v2\/pages\/24\/revisions\/3468"}],"wp:attachment":[{"href":"https:\/\/www.thenordicmark.com\/hu\/wp-json\/wp\/v2\/media?parent=24"}],"curies":[{"name":"wp","href":"https:\/\/api.w.org\/{rel}","templated":true}]}}