{"id":3497,"date":"2024-04-12T00:53:37","date_gmt":"2024-04-11T22:53:37","guid":{"rendered":"https:\/\/www.thenordicmark.com\/hu\/?page_id=3497"},"modified":"2024-06-17T08:18:43","modified_gmt":"2024-06-17T06:18:43","slug":"hoszigeteles-arajanlat","status":"publish","type":"page","link":"https:\/\/www.thenordicmark.com\/hu\/hoszigeteles-arajanlat\/","title":{"rendered":"H\u0151szigetel\u00e9s-\u00e1raj\u00e1nlat"},"content":{"rendered":"\n<p class=\"has-text-align-center\">A thenordicmark Kft. a Caparol homlokzati h\u0151szigetel\u0151-rendszere k\u00edn\u00e1lat\u00e1val ny\u00fajt \u00d6nnek \u00e9s csal\u00e1dj\u00e1nak <strong>kiv\u00e1l\u00f3 n\u00e9met pr\u00e9mium min\u0151s\u00e9gben<\/strong>, eszt\u00e9tikus \u00e9s id\u0151t\u00e1ll\u00f3 megold\u00e1st otthona energiacs\u00f6kkent\u00e9s\u00e9hez.<br>A thenordicmark Kft. partnerein kereszt\u00fcl <strong>professzion\u00e1lis szaktan\u00e1csad\u00e1ssal \u00e9s ingyenes \u00e1raj\u00e1nlattal<\/strong> l\u00e1tj\u00e1k el \u00d6nt, hogy legmegfelel\u0151bb d\u00f6nt\u00e9st tudja meghozni h\u00e1z\u00e1nak\/lak\u00e1s\u00e1nak szigetel\u00e9s\u00e9vel kapcsolatosan.<\/p>\n\n\n\n<p class=\"has-text-align-center\"><br>Legyen sz\u00f3 ak\u00e1r az <a href=\"https:\/\/otthonfelujitasi-tamogatas.hu\/\" target=\"_blank\" rel=\"noopener\">Otthonfel\u00faj\u00edt\u00e1si t\u00e1mogat\u00e1s 2024 program<\/a> keret\u00e9n bel\u00fcl megval\u00f3s\u00edthat\u00f3 h\u0151szigetel\u00e9si rekonstruklci\u00f3r\u00f3l vagy az azon k\u00edv\u0171l tervezett fel\u00faj\u00edt\u00e1sr\u00f3l, a sikeres elk\u00e9sz\u00fclt\u00e9ben ny\u00fajt seg\u00edts\u00e9get \u00d6nnek partnerein kereszt\u00fcl a thenordicmark KFT h\u0151szigetel\u0151-\u00e1raj\u00e1nlatk\u00e9r\u0151je.<\/p>\n\n\n\n<h1 class=\"wp-block-heading has-text-align-center\"><strong>CAPAROL homlokzati h\u0151szigetel\u0151 rendszerek: a hat\u00e9konys\u00e1g ereje!<\/strong><\/h1>\n\n\n\n<div class=\"wp-block-buttons is-content-justification-center is-layout-flex wp-container-core-buttons-is-layout-a89b3969 wp-block-buttons-is-layout-flex\">\n<div class=\"wp-block-button text-white\"><a class=\"wp-block-button__link has-base-color has-text-color has-background has-link-color has-text-align-center wp-element-button\" href=\"#form\" style=\"background-color:#5cb8b2\"><strong>Aj\u00e1nlatot k\u00e9rek<\/strong><\/a><\/div>\n<\/div>\n\n\n\n<p>Otthon: a legfontosabb helysz\u00edn saj\u00e1t magunk \u00e9s szeretteink \u00e9let\u00e9ben. Sz\u00e1mos r\u00e9szlet alkotja, amelyeket folyamatosan pr\u00f3b\u00e1lunk jobb\u00e1, k\u00e9nyelmesebb\u00e9 \u00e9s komfortosabb\u00e1 tenni.Ahhoz, hogy az otthonunk \u00e1ltal ny\u00fajtott \u00f6r\u00f6m\u00f6ket gondtalanul \u00e9lvezni tudjuk, a bels\u0151 t\u00e9r mellett az \u00e9p\u00fclet m\u0171szaki elemeire m\u00e9g nagyobb figyelmet kell helyezn\u00fcnk.&nbsp;<strong>Ezek k\u00f6z\u00fcl az egyik legfontosabb a homlokzatszigetel\u00e9s \u00e9s funkcionalit\u00e1s\u00e1b\u00f3l kapott el\u0151ny\u00f6k.<\/strong><\/p>\n\n\n<div class=\"wp-block-image\">\n<figure class=\"aligncenter size-full\"><img decoding=\"async\" width=\"700\" height=\"263\" src=\"https:\/\/www.thenordicmark.com\/hu\/wp-content\/uploads\/2024\/06\/image-2.jpg\" alt=\"\" class=\"wp-image-3626\" srcset=\"https:\/\/www.thenordicmark.com\/hu\/wp-content\/uploads\/2024\/06\/image-2.jpg 700w, https:\/\/www.thenordicmark.com\/hu\/wp-content\/uploads\/2024\/06\/image-2-520x195.jpg 520w\" sizes=\"(max-width: 700px) 100vw, 700px\" \/><\/figure><\/div>\n\n\n<div style=\"height:16px\" aria-hidden=\"true\" class=\"wp-block-spacer\"><\/div>\n\n\n\n<p><strong>A felhaszn\u00e1lt \u00e9p\u00edt\u0151anyagokt\u00f3l f\u00fcgg\u0151en a falazaton kereszt\u00fcl t\u00e1voz\u00f3 h\u0151vesztess\u00e9g nagys\u00e1ga \u00e1ltal\u00e1noss\u00e1gban el\u00e9rheti a 20-50%-ot, egyes r\u00e9gebbi \u00e9p\u00edt\u00e9s\u0171 \u00e9p\u00fcletekn\u00e9l pedig ak\u00e1r a 70-90%-ot is.<\/strong>Min\u00e9l nagyobb ez az \u00e9rt\u00e9k ann\u00e1l nagyobbak az \u00e9vszaknak megfelel\u0151 r\u00e1ford\u00edtott f\u0171t\u00e9si vagy h\u0171t\u00e9si energi\u00e1b\u00f3l sz\u00e1rmaz\u00f3 k\u00f6lts\u00e9geink.<\/p>\n\n\n\n<div class=\"wp-block-buttons is-content-justification-center is-layout-flex wp-container-core-buttons-is-layout-a89b3969 wp-block-buttons-is-layout-flex\">\n<div class=\"wp-block-button text-white\"><a class=\"wp-block-button__link has-base-color has-text-color has-background has-link-color wp-element-button\" style=\"background-color:#5cb8b2\"><strong>Aj\u00e1nlatot k\u00e9rek<\/strong><\/a><\/div>\n<\/div>\n\n\n\n<p>Ahhoz, hogy el tudjuk ker\u00fclni az ebb\u0151l ad\u00f3d\u00f3 v\u00e1ratlanul megn\u00f6vekedett kiad\u00e1sokat, \u00faj\u00e9p\u00edt\u00e9st\u0151l \u00e9s fel\u00faj\u00edt\u00e1st\u00f3l f\u00fcggetlen\u00fcl ismern\u00fcnk kell a felhaszn\u00e1lt \u00e9p\u00edt\u0151anyagok t\u00edpus\u00e1t. Ennek ismert\u00e9ben megv\u00e1lasztott homlokzati h\u0151szigetel\u0151 rendszer fontos funkcion\u00e1lis v\u00e9delmet fog biztos\u00edtani a fagy, a forr\u00f3s\u00e1g, a sz\u00e9l \u00e9s a csapad\u00e9k, valamint a falszerkezeten kereszt\u00fcl t\u00e1voz\u00f3 h\u0151mennyis\u00e9g ellen.A szigetel\u00e9s befoly\u00e1solja az \u00e9p\u00fclet belt\u00e9ri h\u0151m\u00e9rs\u00e9klet\u00e9t \u00e9s annak helys\u00e9gkl\u00edm\u00e1j\u00e1t, a vizualit\u00e1s teljes harm\u00f3ni\u00e1j\u00e1nak megteremt\u00e9se mellett. <strong>V\u00e9geredm\u00e9ny egy \u00e9rt\u00e9kn\u00f6velt csal\u00e1di otthon, jelent\u0151sen alacsonyabb havi energiar\u00e1ford\u00edt\u00e1s mellett.<\/strong><\/p>\n\n\n\n<figure class=\"wp-block-embed is-type-video is-provider-youtube wp-block-embed-youtube wp-embed-aspect-16-9 wp-has-aspect-ratio\"><div class=\"wp-block-embed__wrapper\">\n<iframe loading=\"lazy\" title=\"Capatect - Homlokzati h\u0151szigetel\u0151 rendszer szerkezete\" width=\"500\" height=\"281\" src=\"https:\/\/www.youtube.com\/embed\/6yjTW1H9R-s?feature=oembed\" frameborder=\"0\" allow=\"accelerometer; autoplay; clipboard-write; encrypted-media; gyroscope; picture-in-picture; web-share\" referrerpolicy=\"strict-origin-when-cross-origin\" allowfullscreen><\/iframe>\n<\/div><\/figure>\n\n\n\n<p><strong>Seg\u00edt\u00fcnk az \u00d6nnek megfelel\u0151 h\u0151szigetel\u0151 rendszer kiv\u00e1laszt\u00e1s\u00e1ban.<\/strong>&nbsp;A k\u00fcl\u00f6nb\u00f6z\u0151 t\u00edpus\u00fa ingatlanokra \u00e9s kih\u00edv\u00e1sokra megfelel\u0151 megold\u00e1st k\u00edn\u00e1lunk egym\u00e1ssal t\u00f6k\u00e9letesen illeszked\u0151 elemek alkotta rendszereinkkel. <\/p>\n\n\n\n<div class=\"wp-block-buttons is-content-justification-center is-layout-flex wp-container-core-buttons-is-layout-a89b3969 wp-block-buttons-is-layout-flex\">\n<div class=\"wp-block-button text-white\"><a class=\"wp-block-button__link has-base-color has-text-color has-background has-link-color wp-element-button\" href=\"#form\" style=\"background-color:#5cb8b2\"><strong>Aj\u00e1nlatot k\u00e9rek<\/strong><\/a><\/div>\n<\/div>\n\n\n\n<p>1957 \u00f3ta fejlesztj\u00fck \u00e9s \u00e9rt\u00e9kes\u00edtj\u00fck a legmagasabb h\u0151szigetel\u0151 k\u00e9pess\u00e9ggel rendelkez\u0151 h\u0151szigetel\u0151 rendszereinket. Az az\u00f3ta eltelt t\u00f6bb, mint f\u00e9l \u00e9vsz\u00e1zadban term\u00e9kk\u00edn\u00e1latunkat a magas min\u0151s\u00e9g mellett a fenntarthat\u00f3s\u00e1g \u00e9s a k\u00f6rnyezettudatoss\u00e1g jellemzi.Fedezze fel a homlokzatszigetel\u00e9sben rejl\u0151 k\u00f6lts\u00e9ghat\u00e9konys\u00e1gokat, ismerje meg&nbsp;<strong>N\u00e9metorsz\u00e1g meghat\u00e1roz\u00f3 homlokzat szigetel\u00e9si m\u00e1rk\u00e1j\u00e1t<\/strong>&nbsp;\u00e9s annak term\u00e9kk\u00edn\u00e1lat\u00e1t, amely minden t\u00edpus\u00fa ingatlant felk\u00e9sz\u00edt a j\u00f6v\u0151 \u00e1ltal t\u00e1masztott elv\u00e1r\u00e1sokra.<\/p>\n\n\n\n<p><strong>Megfelel\u0151 h\u0151szigetel\u0151 rendszer kiv\u00e1laszt\u00e1s\u00e1val ak\u00e1r 40% h\u0151vesztes\u00e9g megtakar\u00edt\u00e1s \u00e9rhet\u0151 el Porotherm 30 N+F falaz\u00f3elem \u00e9s 10cm EPS szigetel\u00e9s eset\u00e9ben. A pontos \u00e9rt\u00e9k f\u00fcgg az adott \u00e9p\u00fclet falszerkezet\u00e9t\u0151l, valamint a szigetel\u00e9s vastags\u00e1g\u00e1t\u00f3l \u00e9s t\u00edpus\u00e1t\u00f3l.<\/strong><\/p>\n\n\n\n<p class=\"has-text-align-center has-medium-font-size\" id=\"form\"><strong>K\u00e9rj\u00fck adja meg az alapadatokat, hogy szem\u00e9lyre szabott \u00e1raj\u00e1nlatot k\u00fcldhess\u00fcnk \u00d6nnek Caparol h\u0151szigetel\u0151 rendszereinkr\u0151l!<\/strong><\/p>\n\n\n\n<div style=\"height:30px\" aria-hidden=\"true\" class=\"wp-block-spacer\"><\/div>\n\n\n\n<script src=\"https:\/\/hoszigszamolo.thenordicmark.hu\/api\/get_form\/?k=j61ec6fse5kld248sew7yxmei0my4vwo\" async defer><\/script>\n<div style=\"display: flex;\">\n    <div id=\"tnm_ti_main\" style=\"flex: 1;\"><\/div>\n    <figure class=\"wp-block-image size-full is-resized\" style=\"flex: 1;\">\n        <a href=\"https:\/\/www.thenordicmark.com\/hu\/wp-content\/uploads\/2023\/06\/image-7.png\" target=\"_blank\" rel=\"noopener\">\n            <img decoding=\"async\" width=\"838\" height=\"500\" src=\"https:\/\/www.thenordicmark.com\/hu\/wp-content\/uploads\/2023\/06\/image-7.png\" alt=\"\" class=\"wp-image-2880\" style=\"width:100%; height:auto;\" srcset=\"https:\/\/www.thenordicmark.com\/hu\/wp-content\/uploads\/2023\/06\/image-7.png 838w, https:\/\/www.thenordicmark.com\/hu\/wp-content\/uploads\/2023\/06\/image-7-520x310.png 520w, https:\/\/www.thenordicmark.com\/hu\/wp-content\/uploads\/2023\/06\/image-7-768x458.png 768w\" sizes=\"(max-width: 838px) 100vw, 838px\" \/>\n        <\/a>\n    <\/figure>\n<\/div>\n\n\n\n<p><\/p>\n","protected":false},"excerpt":{"rendered":"<p>A thenordicmark Kft. a Caparol homlokzati h\u0151szigetel\u0151-rendszere k\u00edn\u00e1lat\u00e1val ny\u00fajt \u00d6nnek \u00e9s csal\u00e1dj\u00e1nak kiv\u00e1l\u00f3 n\u00e9met pr\u00e9mium min\u0151s\u00e9gben, eszt\u00e9tikus \u00e9s id\u0151t\u00e1ll\u00f3 megold\u00e1st otthona energiacs\u00f6kkent\u00e9s\u00e9hez.A thenordicmark Kft. partnerein kereszt\u00fcl professzion\u00e1lis szaktan\u00e1csad\u00e1ssal \u00e9s ingyenes \u00e1raj\u00e1nlattal l\u00e1tj\u00e1k el \u00d6nt, hogy legmegfelel\u0151bb d\u00f6nt\u00e9st tudja meghozni h\u00e1z\u00e1nak\/lak\u00e1s\u00e1nak szigetel\u00e9s\u00e9vel kapcsolatosan. Legyen sz\u00f3 ak\u00e1r az Otthonfel\u00faj\u00edt\u00e1si t\u00e1mogat\u00e1s 2024 program keret\u00e9n bel\u00fcl megval\u00f3s\u00edthat\u00f3 h\u0151szigetel\u00e9si rekonstruklci\u00f3r\u00f3l [&hellip;]<\/p>\n","protected":false},"author":1,"featured_media":3619,"parent":0,"menu_order":0,"comment_status":"closed","ping_status":"closed","template":"","meta":{"_acf_changed":false,"inline_featured_image":false,"footnotes":""},"class_list":["post-3497","page","type-page","status-publish","has-post-thumbnail","hentry"],"acf":[],"_links":{"self":[{"href":"https:\/\/www.thenordicmark.com\/hu\/wp-json\/wp\/v2\/pages\/3497","targetHints":{"allow":["GET"]}}],"collection":[{"href":"https:\/\/www.thenordicmark.com\/hu\/wp-json\/wp\/v2\/pages"}],"about":[{"href":"https:\/\/www.thenordicmark.com\/hu\/wp-json\/wp\/v2\/types\/page"}],"author":[{"embeddable":true,"href":"https:\/\/www.thenordicmark.com\/hu\/wp-json\/wp\/v2\/users\/1"}],"replies":[{"embeddable":true,"href":"https:\/\/www.thenordicmark.com\/hu\/wp-json\/wp\/v2\/comments?post=3497"}],"version-history":[{"count":61,"href":"https:\/\/www.thenordicmark.com\/hu\/wp-json\/wp\/v2\/pages\/3497\/revisions"}],"predecessor-version":[{"id":3654,"href":"https:\/\/www.thenordicmark.com\/hu\/wp-json\/wp\/v2\/pages\/3497\/revisions\/3654"}],"wp:featuredmedia":[{"embeddable":true,"href":"https:\/\/www.thenordicmark.com\/hu\/wp-json\/wp\/v2\/media\/3619"}],"wp:attachment":[{"href":"https:\/\/www.thenordicmark.com\/hu\/wp-json\/wp\/v2\/media?parent=3497"}],"curies":[{"name":"wp","href":"https:\/\/api.w.org\/{rel}","templated":true}]}}