{"id":3558,"date":"2024-05-14T08:04:02","date_gmt":"2024-05-14T06:04:02","guid":{"rendered":"https:\/\/www.thenordicmark.com\/hu\/?page_id=3558"},"modified":"2024-05-15T11:48:12","modified_gmt":"2024-05-15T09:48:12","slug":"thenordicmark-csoport-ertekei","status":"publish","type":"page","link":"https:\/\/www.thenordicmark.com\/hu\/thenordicmark-csoport-ertekei\/","title":{"rendered":"A thenordicmark csoport \u00e9rt\u00e9kei"},"content":{"rendered":"\n<p class=\"has-medium-font-size\">A <strong>thenordicmark csoport \u00e9rt\u00e9kei<\/strong><\/p>\n\n\n\n<p><em>A k\u00f6vetkez\u0151 \u00e9rt\u00e9kekben hisz\u00fcnk\u2026<\/em><\/p>\n\n\n\n<div class=\"wp-block-buttons is-content-justification-space-between is-layout-flex wp-container-core-buttons-is-layout-9b408829 wp-block-buttons-is-layout-flex\" style=\"margin-top:var(--wp--preset--spacing--30);margin-bottom:var(--wp--preset--spacing--30)\">\n<div class=\"wp-block-button has-custom-font-size is-style-fill has-medium-font-size\"><a class=\"wp-block-button__link has-contrast-color has-text-color has-background has-link-color wp-element-button\" style=\"background-color:#dcefef\"><strong>Emberi tisztelet<\/strong><\/a><\/div>\n\n\n\n<div class=\"wp-block-button has-custom-width wp-block-button__width-75 has-custom-font-size is-style-fill has-small-font-size\"><a class=\"wp-block-button__link has-contrast-color has-text-color has-background has-link-color wp-element-button\" style=\"background-color:#dcefef;padding-top:var(--wp--preset--spacing--30);padding-right:var(--wp--preset--spacing--30);padding-bottom:var(--wp--preset--spacing--30);padding-left:var(--wp--preset--spacing--30)\"><strong>Tiszteletben tartunk minden embert<\/strong>, v\u00e9lem\u00e9nyt, \u00fcgyfelet, koll\u00e9g\u00e1t \u00e9s \u00e9rintettet, meg\u00e9rtj\u00fck egym\u00e1s k\u00fcl\u00f6nbs\u00e9geit. Egym\u00e1ssal besz\u00e9l\u00fcnk, nem pedig egym\u00e1sr\u00f3l. Mindig megtartjuk az \u00edg\u00e9reteinket.<\/a><\/div>\n<\/div>\n\n\n\n<div class=\"wp-block-buttons is-content-justification-space-between is-layout-flex wp-container-core-buttons-is-layout-d71bb2cd wp-block-buttons-is-layout-flex\" style=\"margin-top:var(--wp--preset--spacing--30);margin-bottom:var(--wp--preset--spacing--30)\">\n<div class=\"wp-block-button has-custom-font-size is-style-fill\" style=\"font-size:clamp(0.875rem, 0.875rem + ((1vw - 0.2rem) * 0.591), 1.2rem);\"><a class=\"wp-block-button__link has-contrast-color has-text-color has-background has-link-color wp-element-button\" style=\"background-color:#deebf7\"><strong>Rugalmass\u00e1g<\/strong><\/a><\/div>\n\n\n\n<div class=\"wp-block-button has-custom-width wp-block-button__width-75 has-custom-font-size has-small-font-size\"><a class=\"wp-block-button__link has-contrast-color has-text-color has-background has-link-color wp-element-button\" style=\"background-color:#deebf7;padding-top:var(--wp--preset--spacing--30);padding-right:var(--wp--preset--spacing--30);padding-bottom:var(--wp--preset--spacing--30);padding-left:var(--wp--preset--spacing--30)\">\u00c9rt\u00e9kelj\u00fck azt a k\u00e9pess\u00e9get, hogy rugalmass\u00e1g, innov\u00e1ci\u00f3 \u00e9s hat\u00e9kony probl\u00e9mamegold\u00e1s r\u00e9v\u00e9n gyorsan \u00e9s <strong>proakt\u00edvan v\u00e1laszoljunk a kih\u00edv\u00e1sokra<\/strong>. Ez a gondolkod\u00e1sm\u00f3d k\u00e9pess\u00e9 tesz benn\u00fcnket arra, hogy elfogadjuk az \u00e9let kisz\u00e1m\u00edthatatlans\u00e1g\u00e1t \u00e9s megragadjuk a n\u00f6veked\u00e9s \u00e9s a siker lehet\u0151s\u00e9geit. Mindig el\u00e9rhet\u0151ek vagyunk koll\u00e9g\u00e1ink \u00e9s partnereink sz\u00e1m\u00e1ra.<\/a><\/div>\n<\/div>\n\n\n\n<div class=\"wp-block-buttons is-content-justification-space-between is-layout-flex wp-container-core-buttons-is-layout-d71bb2cd wp-block-buttons-is-layout-flex\" style=\"margin-top:var(--wp--preset--spacing--30);margin-bottom:var(--wp--preset--spacing--30)\">\n<div class=\"wp-block-button has-custom-font-size has-medium-font-size\"><a class=\"wp-block-button__link has-contrast-color has-text-color has-background has-link-color wp-element-button\" style=\"background-color:#d3efe6\"><strong>B\u00e1tors\u00e1g<\/strong><\/a><\/div>\n\n\n\n<div class=\"wp-block-button has-custom-width wp-block-button__width-75 has-custom-font-size has-small-font-size\"><a class=\"wp-block-button__link has-contrast-color has-text-color has-background has-link-color wp-element-button\" style=\"background-color:#d3efe6;padding-top:var(--wp--preset--spacing--30);padding-bottom:var(--wp--preset--spacing--30)\">P\u00e9ld\u00e1t mutatunk, elk\u00e9pzelhetetlen dolgokr\u00f3l \u00e1lmodunk, megk\u00e9rd\u0151jelezz\u00fck a hagyom\u00e1nyokat, \u00e9s \u00faj\u00edt\u00f3 megold\u00e1sokat hozunk l\u00e9tre (m\u00e9g akkor is, ha ellen\u00e1ll\u00e1ssal tal\u00e1lkozunk). <strong>\u00daj gondolkod\u00e1sm\u00f3dokat fedez\u00fcnk fel<\/strong>, \u00e9s nem f\u00e9l\u00fcnk seg\u00edts\u00e9get k\u00e9rni. A legjobb eredm\u00e9nyek el\u00e9r\u00e9s\u00e9hez gyakran b\u00e1tors\u00e1gra van sz\u00fcks\u00e9g, hogy szemben\u00e9zz\u00fcnk a neh\u00e9zs\u00e9gekkel, megsz\u00f3laljunk, \u00e9s kitartsunk amellett, amiben hisz\u00fcnk.<\/a><\/div>\n<\/div>\n\n\n\n<div class=\"wp-block-buttons is-content-justification-space-between is-layout-flex wp-container-core-buttons-is-layout-d71bb2cd wp-block-buttons-is-layout-flex\" style=\"margin-top:var(--wp--preset--spacing--30);margin-bottom:var(--wp--preset--spacing--30)\">\n<div class=\"wp-block-button has-custom-font-size has-medium-font-size\"><a class=\"wp-block-button__link has-contrast-color has-text-color has-background has-link-color wp-element-button\" style=\"background-color:#d7e2f5\"><strong>Szem\u00e9lyes fejl\u0151d\u00e9s<\/strong><\/a><\/div>\n\n\n\n<div class=\"wp-block-button has-custom-width wp-block-button__width-75 has-custom-font-size has-small-font-size\"><a class=\"wp-block-button__link has-contrast-color has-text-color has-background has-link-color wp-element-button\" style=\"background-color:#d7e2f5;padding-top:var(--wp--preset--spacing--30);padding-bottom:var(--wp--preset--spacing--30)\">Elk\u00f6telezettek vagyunk a szem\u00e9lyes fejl\u0151d\u00e9s mellett, \u00e9s <strong>egym\u00e1st t\u00e1mogatva k\u00f6z\u00f6sen tanulunk<\/strong>. Az es\u00e9lyeket kih\u00edv\u00e1sk\u00e9nt fogadjuk, amelyek folyamatos fejl\u0151d\u00e9si lehet\u0151s\u00e9geket teremtenek, ambici\u00f3zus c\u00e9lokat kit\u0171zve annak \u00e9rdek\u00e9ben, hogy egy\u00fctt gyarapodjunk \u00e9s sikeresek legy\u00fcnk. Mindig j\u00f3 hozz\u00e1\u00e1ll\u00e1ssal \u00e9rkez\u00fcnk a munkahelyre, \u00e9s mindent megtesz\u00fcnk az\u00e9rt, hogy pozit\u00edv \u00e9s inspir\u00e1l\u00f3 l\u00e9gk\u00f6rt teremts\u00fcnk mindenkinek.<\/a><\/div>\n<\/div>\n\n\n\n<div class=\"wp-block-buttons is-content-justification-space-between is-layout-flex wp-container-core-buttons-is-layout-d71bb2cd wp-block-buttons-is-layout-flex\" style=\"margin-top:var(--wp--preset--spacing--30);margin-bottom:var(--wp--preset--spacing--30)\">\n<div class=\"wp-block-button\"><a class=\"wp-block-button__link has-contrast-color has-text-color has-background has-link-color wp-element-button\" style=\"background-color:#e4f2d8\"><strong>Teljes\u00edtm\u00e9ny<\/strong><\/a><\/div>\n\n\n\n<div class=\"wp-block-button has-custom-width wp-block-button__width-75 has-custom-font-size has-small-font-size\"><a class=\"wp-block-button__link has-contrast-color has-text-color has-background has-link-color wp-element-button\" style=\"background-color:#e4f2d8;padding-top:var(--wp--preset--spacing--30);padding-bottom:var(--wp--preset--spacing--30)\">Magas c\u00e9lokat t\u0171z\u00fcnk ki magunk el\u00e9, \u00e9s folyamatosan magas sz\u00ednvonal\u00fa munk\u00e1t v\u00e9gz\u00fcnk minden tev\u00e9kenys\u00e9g\u00fcnk sor\u00e1n. <strong>Nyitottak vagyunk, \u00e1tl\u00e1that\u00f3ak \u00e9s mindig betartjuk a t\u00f6rv\u00e9nyeket<\/strong>. Minden v\u00e1llalt c\u00e9lt szem\u00e9lyes szerz\u0151d\u00e9snek tekint\u00fcnk, nem csak \u00e1ltal\u00e1nos \u00edg\u00e9retnek, \u00e9s mindig mindent megtesz\u00fcnk annak \u00e9rdek\u00e9ben, hogy a c\u00e9g el\u00e9rje azokat. A sz\u00e1mok a teljes\u00edtm\u00e9ny bizony\u00edt\u00e9kai.<\/a><\/div>\n<\/div>\n\n\n\n<div class=\"wp-block-buttons is-content-justification-space-between is-layout-flex wp-container-core-buttons-is-layout-727c7052 wp-block-buttons-is-layout-flex\" style=\"margin-top:var(--wp--preset--spacing--30);margin-bottom:var(--wp--preset--spacing--30)\">\n<div class=\"wp-block-button has-custom-font-size\" style=\"font-size:clamp(14px, 0.875rem + ((1vw - 3.2px) * 0.341), 17px);\"><a class=\"wp-block-button__link has-contrast-color has-text-color has-background has-link-color wp-element-button\" style=\"background-color:#fff2cc\"><strong>Professzionalit\u00e1s<\/strong><\/a><\/div>\n\n\n\n<div class=\"wp-block-button has-custom-width wp-block-button__width-75 has-custom-font-size has-small-font-size\"><a class=\"wp-block-button__link has-contrast-color has-text-color has-background has-link-color wp-element-button\" style=\"background-color:#fff2cc;padding-top:var(--wp--preset--spacing--30);padding-bottom:var(--wp--preset--spacing--30)\"><strong>Felk\u00e9sz\u00fclten \u00e9rkez\u00fcnk<\/strong>, ismerj\u00fck a c\u00e9lokat, \u00e9s mindig van tartal\u00e9kterv\u00fcnk, ha a f\u0151 terv\u00fcnk nem siker\u00fcl. A hat\u00e1rid\u0151ket betartjuk, mivel tudjuk, hogy valaki m\u00e1s sikere a mi hozz\u00e1j\u00e1rul\u00e1sunkon m\u00falik. Hat\u00e1rozottan hisz\u00fcnk a csapatmunka kollekt\u00edv erej\u00e9ben, mik\u00f6zben felismerj\u00fck az egy\u00e9ni er\u0151fesz\u00edt\u00e9sek \u00e9rt\u00e9k\u00e9t, hiszen mindkett\u0151 elengedhetetlen a siker\u00fcnkh\u00f6z.<\/a><\/div>\n<\/div>\n","protected":false},"excerpt":{"rendered":"<p>A thenordicmark csoport \u00e9rt\u00e9kei A k\u00f6vetkez\u0151 \u00e9rt\u00e9kekben hisz\u00fcnk\u2026<\/p>\n","protected":false},"author":1,"featured_media":0,"parent":0,"menu_order":0,"comment_status":"closed","ping_status":"closed","template":"","meta":{"_acf_changed":false,"inline_featured_image":false,"footnotes":""},"class_list":["post-3558","page","type-page","status-publish","hentry"],"acf":[],"_links":{"self":[{"href":"https:\/\/www.thenordicmark.com\/hu\/wp-json\/wp\/v2\/pages\/3558","targetHints":{"allow":["GET"]}}],"collection":[{"href":"https:\/\/www.thenordicmark.com\/hu\/wp-json\/wp\/v2\/pages"}],"about":[{"href":"https:\/\/www.thenordicmark.com\/hu\/wp-json\/wp\/v2\/types\/page"}],"author":[{"embeddable":true,"href":"https:\/\/www.thenordicmark.com\/hu\/wp-json\/wp\/v2\/users\/1"}],"replies":[{"embeddable":true,"href":"https:\/\/www.thenordicmark.com\/hu\/wp-json\/wp\/v2\/comments?post=3558"}],"version-history":[{"count":5,"href":"https:\/\/www.thenordicmark.com\/hu\/wp-json\/wp\/v2\/pages\/3558\/revisions"}],"predecessor-version":[{"id":3589,"href":"https:\/\/www.thenordicmark.com\/hu\/wp-json\/wp\/v2\/pages\/3558\/revisions\/3589"}],"wp:attachment":[{"href":"https:\/\/www.thenordicmark.com\/hu\/wp-json\/wp\/v2\/media?parent=3558"}],"curies":[{"name":"wp","href":"https:\/\/api.w.org\/{rel}","templated":true}]}}