{"id":3737,"date":"2024-08-14T08:32:01","date_gmt":"2024-08-14T06:32:01","guid":{"rendered":"https:\/\/www.thenordicmark.com\/hu\/?page_id=3737"},"modified":"2024-08-14T14:32:33","modified_gmt":"2024-08-14T12:32:33","slug":"vinyl-matt","status":"publish","type":"page","link":"https:\/\/www.thenordicmark.com\/hu\/vinyl-matt\/","title":{"rendered":"Vinyl Matt"},"content":{"rendered":"\n<div class=\"wp-block-columns is-not-stacked-on-mobile is-layout-flex wp-container-core-columns-is-layout-28f84493 wp-block-columns-is-layout-flex\">\n<div class=\"wp-block-column is-layout-flow wp-block-column-is-layout-flow\" style=\"flex-basis:10%\"><\/div>\n\n\n\n<div class=\"wp-block-column is-layout-flow wp-block-column-is-layout-flow\" style=\"flex-basis:25%\">\n<figure class=\"wp-block-image size-full is-resized\"><a href=\"#M1\"><img decoding=\"async\" width=\"100\" height=\"100\" src=\"https:\/\/www.thenordicmark.com\/hu\/wp-content\/uploads\/2024\/08\/image-2.png\" alt=\"\" class=\"wp-image-3744\" style=\"width:100px\"\/><\/a><\/figure>\n<\/div>\n\n\n\n<div class=\"wp-block-column is-layout-flow wp-block-column-is-layout-flow\" style=\"flex-basis:25%\">\n<figure class=\"wp-block-image is-resized\"><a href=\"#NSE\"><img decoding=\"async\" src=\"https:\/\/tikkurila.com\/sites\/default\/files\/styles\/thumbnail\/public\/terms\/ecolables\/NordicEcolabel_en_0.png?itok=iHbzR9c6\" alt=\"Nordic Ecolabel\" style=\"width:100px\"\/><\/a><\/figure>\n<\/div>\n\n\n\n<div class=\"wp-block-column is-layout-flow wp-block-column-is-layout-flow\" style=\"flex-basis:25%\">\n<figure class=\"wp-block-image is-resized\"><a href=\"#FKH\"><img decoding=\"async\" src=\"https:\/\/tikkurila.com\/sites\/default\/files\/terms\/certificates\/Avainlippu_NEW_0.png\" alt=\"Key FlagKey Fl\" style=\"width:100px\"\/><\/a><\/figure>\n<\/div>\n<\/div>\n\n\n\n<div class=\"wp-block-media-text is-stacked-on-mobile\"><figure class=\"wp-block-media-text__media\"><img decoding=\"async\" width=\"1200\" height=\"1200\" src=\"https:\/\/www.thenordicmark.com\/hu\/wp-content\/uploads\/2024\/08\/tikkurila_vinyl_matt_27L.png\" alt=\"\" class=\"wp-image-3745 size-full\" srcset=\"https:\/\/www.thenordicmark.com\/hu\/wp-content\/uploads\/2024\/08\/tikkurila_vinyl_matt_27L.png 1200w, https:\/\/www.thenordicmark.com\/hu\/wp-content\/uploads\/2024\/08\/tikkurila_vinyl_matt_27L-520x520.png 520w, https:\/\/www.thenordicmark.com\/hu\/wp-content\/uploads\/2024\/08\/tikkurila_vinyl_matt_27L-240x240.png 240w, https:\/\/www.thenordicmark.com\/hu\/wp-content\/uploads\/2024\/08\/tikkurila_vinyl_matt_27L-768x768.png 768w\" sizes=\"(max-width: 1200px) 100vw, 1200px\" \/><\/figure><div class=\"wp-block-media-text__content\">\n<p class=\"has-large-font-size\"><strong>Vinyl Matt<\/strong><\/p>\n\n\n\n<p style=\"font-size:clamp(0.875rem, 0.875rem + ((1vw - 0.2rem) * 0.591), 1.2rem);\">Kiv\u00e1l\u00f3 fed\u0151k\u00e9pess\u00e9g\u0171 matt belt\u00e9ri falfest\u00e9k<\/p>\n\n\n\n<ul class=\"wp-block-list\">\n<li>Gyorsan sz\u00e1rad\u00f3, ellen\u00e1ll\u00f3 fel\u00fclet<\/li>\n<\/ul>\n\n\n\n<ul class=\"wp-block-list\">\n<li>Sz\u00e9les sz\u00ednv\u00e1laszt\u00e9k<\/li>\n<\/ul>\n\n\n\n<ul class=\"wp-block-list\">\n<li>K\u00f6nny\u0171 alkalmazhat\u00f3s\u00e1g<\/li>\n<\/ul>\n\n\n\n<figure class=\"wp-block-image size-full\"><img decoding=\"async\" width=\"559\" height=\"195\" src=\"https:\/\/www.thenordicmark.com\/hu\/wp-content\/uploads\/2024\/08\/image-5.png\" alt=\"\" class=\"wp-image-3748\" srcset=\"https:\/\/www.thenordicmark.com\/hu\/wp-content\/uploads\/2024\/08\/image-5.png 559w, https:\/\/www.thenordicmark.com\/hu\/wp-content\/uploads\/2024\/08\/image-5-520x181.png 520w\" sizes=\"(max-width: 559px) 100vw, 559px\" \/><\/figure>\n\n\n\n<!DOCTYPE html>\n<html lang=\"hu\">\n<head>\n    <meta charset=\"UTF-8\">\n    <meta name=\"viewport\" content=\"width=device-width, initial-scale=1.0\">\n    <title>Leny\u00edl\u00f3 Hivatkoz\u00e1sok<\/title>\n    <link rel=\"stylesheet\" href=\"https:\/\/stackpath.bootstrapcdn.com\/bootstrap\/4.3.1\/css\/bootstrap.min.css\">\n    <style>\n        .dropdown-link {\n            cursor: pointer;\n            color: #007bff;\n            text-decoration: none;\n            display: flex;\n            align-items: center;\n            justify-content: space-between;\n            padding: 10px;\n            border-bottom: 1px solid #ddd; \/* Als\u00f3 vonal hozz\u00e1ad\u00e1sa *\/\n        }\n\n        .expand-arrow {\n            margin-left: 10px;\n            display: inline-block;\n            width: 0; \n            height: 0; \n            border-left: 5px solid transparent;\n            border-right: 5px solid transparent;\n            border-top: 5px solid #007bff;\n            transition: transform 0.2s ease-in-out;\n        }\n\n        .collapsed .expand-arrow {\n            transform: rotate(0deg);\n        }\n\n        .expanded .expand-arrow {\n            transform: rotate(180deg);\n        }\n\n        .dropdown-content {\n            border-top: 1px solid #ddd; \/* Fels\u0151 vonal a tartalomn\u00e1l *\/\n            padding: 10px;\n        }\n    <\/style>\n<\/head>\n<body>\n\n<a id=\"dropdownLink1\" class=\"dropdown-link collapsed\" data-toggle=\"collapse\" href=\"#dropdownContent1\" role=\"button\" aria-expanded=\"false\" aria-controls=\"dropdownContent1\">\n    Sz\u00edn\u00e1rnyalatok\n    <div class=\"expand-arrow\"><\/div>\n<\/a>\n<div class=\"collapse\" id=\"dropdownContent1\">\n    <div class=\"card card-body dropdown-content\">\n        <a href=\"https:\/\/tikkurila.com\/pro\/collection\/symphony-color-system\" target=\"_blank\" rel=\"noopener\">Tikkurila Symphony sz\u00ednk\u00e1rtya<\/a>\n    <\/div>\n<\/div>\n\n<a id=\"dropdownLink2\" class=\"dropdown-link collapsed\" data-toggle=\"collapse\" href=\"#dropdownContent2\" role=\"button\" aria-expanded=\"false\" aria-controls=\"dropdownContent2\">\n    Dokumentumok\n    <div class=\"expand-arrow\"><\/div>\n<\/a>\n<div class=\"collapse\" id=\"dropdownContent2\">\n    <div class=\"card card-body dropdown-content\">\n        <a href=\"https:\/\/tikkurila.com\/sites\/default\/files\/pim\/documents\/Vinyl_Matt_EN_PDS_Tikkurila.pdf.pdf\" target=\"_blank\" rel=\"noopener\">Term\u00e9kle\u00edr\u00e1s<\/a>\n    <\/div>\n<\/div>\n\n<a id=\"dropdownLink3\" class=\"dropdown-link collapsed\" data-toggle=\"collapse\" href=\"#dropdownContent3\" role=\"button\" aria-expanded=\"false\" aria-controls=\"dropdownContent3\">\n    Term\u00e9kinf\u00f3\n    <div class=\"expand-arrow\"><\/div>\n<\/a>\n<div class=\"collapse\" id=\"dropdownContent3\">\n    <div class=\"card card-body dropdown-content\">\n        <STRONG>TERM\u00c9KT\u00cdPUS<\/STRONG>\nKiv\u00e1l\u00f3 fed\u0151k\u00e9pess\u00e9g\u0171, belt\u00e9ri matt falfest\u00e9k<BR>\n\n<STRONG>ALKALMAZ\u00c1SI TER\u00dcLET<\/STRONG>\nFalak \u00e9s mennyezetek fest\u00e9s\u00e9re nappalikban, h\u00e1l\u00f3szob\u00e1kban \u00e9s gyerekszob\u00e1kban, valamint\nm\u00e1s hasonl\u00f3 sz\u00e1raz helyis\u00e9gekben.<BR>\n<P>\n<STRONG>TERM\u00c9KJELLEMZ\u0150K<\/STRONG><BR>\nAlkalmas beton, vakolt t\u00e9gla, gipszkarton, t\u00f6lt\u0151anyaggal kezelt fel\u00fcletek fest\u00e9s\u00e9re\nlak\u00f3t\u00e9rben l\u00e9v\u0151 belt\u00e9ri falakon.\n    <\/div>\n<\/div>\n\n<a id=\"dropdownLink4\" class=\"dropdown-link collapsed\" data-toggle=\"collapse\" href=\"#dropdownContent4\" role=\"button\" aria-expanded=\"false\" aria-controls=\"dropdownContent4\">\n    M\u0171szaki adatok\n    <div class=\"expand-arrow\"><\/div>\n<\/a>\n<div class=\"collapse\" id=\"dropdownContent4\">\n    <div class=\"card card-body dropdown-content\">\n        <STRONG>FED\u0150K\u00c9PESS\u00c9G<\/STRONG>\nElm\u00e9leti fed\u0151k\u00e9pess\u00e9g 8-10 m\u00b2\/l. A t\u00e9nyleges fed\u0151k\u00e9pess\u00e9g f\u00fcgg a festend\u0151 fel\u00fclet min\u0151s\u00e9g\u00e9t\u0151l, nedvsz\u00edv\u00f3 k\u00e9pess\u00e9g\u00e9t\u0151l, a felhord\u00e1s m\u00f3dj\u00e1t\u00f3l, alakj\u00e1t\u00f3l \u00e9s \u00e9rdess\u00e9g\u00e9t\u0151l.<br>\n<strong>H\u00cdG\u00cdT\u00c1S<\/STRONG>\nV\u00edzzel<br>\n<strong>FELHORD\u00c1SI M\u00d3DOK<\/STRONG>\nEcsettel, hengerrel vagy sz\u00f3r\u00e1ssal\n    <\/div>\n<\/div>\n\n<script src=\"https:\/\/code.jquery.com\/jquery-3.3.1.slim.min.js\"><\/script>\n<script src=\"https:\/\/cdnjs.cloudflare.com\/ajax\/libs\/popper.js\/1.14.7\/umd\/popper.min.js\"><\/script>\n<script src=\"https:\/\/stackpath.bootstrapcdn.com\/bootstrap\/4.3.1\/js\/bootstrap.min.js\"><\/script>\n<script>\n    \/\/ Add toggle functionality for all dropdowns\n    $('#dropdownLink1').on('click', function() {\n        $(this).toggleClass('expanded');\n    });\n    $('#dropdownLink2').on('click', function() {\n        $(this).toggleClass('expanded');\n    });\n    $('#dropdownLink3').on('click', function() {\n        $(this).toggleClass('expanded');\n    });\n    $('#dropdownLink4').on('click', function() {\n        $(this).toggleClass('expanded');\n    });\n<\/script>\n\n<\/body>\n<\/html>\n\n\n\n<div style=\"height:30px\" aria-hidden=\"true\" class=\"wp-block-spacer\"><\/div>\n\n\n\n<div class=\"wp-block-buttons is-layout-flex wp-block-buttons-is-layout-flex\">\n<div class=\"wp-block-button has-custom-width wp-block-button__width-100 is-style-fill text-white\" id=\"M1\"><a class=\"wp-block-button__link has-base-color has-vivid-red-background-color has-text-color has-background has-link-color has-border-color has-vivid-red-border-color wp-element-button\" href=\"https:\/\/www.thenordicmark.com\/hu\/boltok\/\" style=\"border-width:11px;border-radius:0px;padding-top:0;padding-right:var(--wp--preset--spacing--60);padding-bottom:0;padding-left:var(--wp--preset--spacing--60)\"><strong>\u00dczletkeres\u0151<\/strong><\/a><\/div>\n<\/div>\n\n\n\n<div style=\"height:10px\" aria-hidden=\"true\" class=\"wp-block-spacer\"><\/div>\n\n\n\n<div class=\"wp-block-buttons is-layout-flex wp-block-buttons-is-layout-flex\">\n<div class=\"wp-block-button has-custom-width wp-block-button__width-100 has-custom-font-size is-style-fill\" style=\"font-size:clamp(14px, 0.875rem + ((1vw - 3.2px) * 0.114), 15px);\"><a class=\"wp-block-button__link has-base-color has-text-color has-background has-link-color has-border-color wp-element-button\" style=\"border-color:#dcefef;border-width:10px;border-radius:0px;background-color:#dcefef;padding-top:0;padding-right:var(--wp--preset--spacing--60);padding-bottom:0;padding-left:var(--wp--preset--spacing--60)\"><strong>Ir\u00e1ny az E-Shop<\/strong><\/a><\/div>\n<\/div>\n<\/div><\/div>\n\n\n\n<div style=\"height:50px\" aria-hidden=\"true\" class=\"wp-block-spacer\"><\/div>\n\n\n\n<div class=\"wp-block-media-text\" style=\"grid-template-columns:15% auto\"><figure class=\"wp-block-media-text__media\"><img decoding=\"async\" width=\"287\" height=\"287\" src=\"https:\/\/www.thenordicmark.com\/hu\/wp-content\/uploads\/2024\/08\/image-11.png\" alt=\"\" class=\"wp-image-3811 size-full\" srcset=\"https:\/\/www.thenordicmark.com\/hu\/wp-content\/uploads\/2024\/08\/image-11.png 287w, https:\/\/www.thenordicmark.com\/hu\/wp-content\/uploads\/2024\/08\/image-11-240x240.png 240w\" sizes=\"(max-width: 287px) 100vw, 287px\" \/><\/figure><div class=\"wp-block-media-text__content\">\n<p id=\"NSE\"><strong>M1-BESOROL\u00c1S<\/strong><br>Az \u00e9p\u00edt\u0151ipari term\u00e9kekre vonatkoz\u00f3 finn kibocs\u00e1t\u00e1si c\u00edmke<br>az egyik kiemelt vizsg\u00e1lati c\u00edmke a skandin\u00e1v r\u00e9gi\u00f3ban. Az<br>M1 tulajdonk\u00e9ppen a legjobb kateg\u00f3ri\u00e1ra utal, melynek<br>jelent\u00e9se: \u201ealacsony kibocs\u00e1t\u00e1si szint\u201d. Az M1-besorol\u00e1s<br>k\u00f6vetelm\u00e9nyeket t\u00e1maszt az ill\u00e9kony szerves vegy\u00fcletek<br>(VOC), a formaldehid, az amm\u00f3nia \u00e9s m\u00e1s anyagok<br>tekintet\u00e9ben.<\/p>\n<\/div><\/div>\n\n\n\n<div style=\"height:20px\" aria-hidden=\"true\" id=\"NSE\" class=\"wp-block-spacer\"><\/div>\n\n\n\n<div class=\"wp-block-media-text has-media-on-the-right\" style=\"grid-template-columns:auto 15%\"><div class=\"wp-block-media-text__content\">\n<p id=\"FKH\"><strong>\u00c9SZAKI HATTY\u00da \u00d6KOC\u00cdMKE<\/strong><br> Fenntarthat\u00f3 megold\u00e1sokat k\u00edn\u00e1l a term\u00e9k \u00e9letciklus-elemz\u00e9s alapj\u00e1n \u00e9s az el\u0151\u00e1ll\u00edt\u00e1sb\u00f3l sz\u00e1rmaz\u00f3 k\u00f6rnyezeti hat\u00e1s cs\u00f6kkent\u00e9se r\u00e9v\u00e9n.&nbsp;A term\u00e9k teljes \u00e9letciklus\u00e1nak minden szakasz\u00e1t szigor\u00fa k\u00f6vetelm\u00e9nyek hat\u00e1rozz\u00e1k meg \u00e9s ezeket a k\u00f6vetelm\u00e9nyeket folyamatosan szigor\u00edtj\u00e1k a fenntarthat\u00f3 fejl\u0151d\u00e9s \u00e9rdek\u00e9ben. Ez az, ami az \u00c9szaki Hatty\u00fa \u00f6koc\u00edmk\u00e9t megk\u00fcl\u00f6nb\u00f6zteti a t\u00f6bbi \u00f6koc\u00edmk\u00e9t\u0151l.<\/p>\n<\/div><figure class=\"wp-block-media-text__media\"><img decoding=\"async\" width=\"1032\" height=\"931\" src=\"https:\/\/www.thenordicmark.com\/hu\/wp-content\/uploads\/2024\/08\/image-12.png\" alt=\"\" class=\"wp-image-3813 size-full\" srcset=\"https:\/\/www.thenordicmark.com\/hu\/wp-content\/uploads\/2024\/08\/image-12.png 1032w, https:\/\/www.thenordicmark.com\/hu\/wp-content\/uploads\/2024\/08\/image-12-520x469.png 520w, https:\/\/www.thenordicmark.com\/hu\/wp-content\/uploads\/2024\/08\/image-12-768x693.png 768w\" sizes=\"(max-width: 1032px) 100vw, 1032px\" \/><\/figure><\/div>\n\n\n\n<div style=\"height:20px\" aria-hidden=\"true\" class=\"wp-block-spacer\"><\/div>\n\n\n\n<div class=\"wp-block-media-text\" style=\"grid-template-columns:15% auto\"><figure class=\"wp-block-media-text__media\"><img decoding=\"async\" width=\"355\" height=\"355\" src=\"https:\/\/www.thenordicmark.com\/hu\/wp-content\/uploads\/2024\/08\/image-9.png\" alt=\"\" class=\"wp-image-3807 size-full\" srcset=\"https:\/\/www.thenordicmark.com\/hu\/wp-content\/uploads\/2024\/08\/image-9.png 355w, https:\/\/www.thenordicmark.com\/hu\/wp-content\/uploads\/2024\/08\/image-9-240x240.png 240w\" sizes=\"(max-width: 355px) 100vw, 355px\" \/><\/figure><div class=\"wp-block-media-text__content\">\n<p>Finn tervez\u00e9s \u00e9s tapasztalat 1862 \u00f3ta.<\/p>\n<\/div><\/div>\n\n\n\n<div style=\"height:100px\" aria-hidden=\"true\" class=\"wp-block-spacer\"><\/div>\n\n\n\n<p class=\"has-tertiary-background-color has-background has-large-font-size\">Mi\u00e9rt \u00e9rdemes a Vinyl Matt-ot v\u00e1lasztani?<\/p>\n\n\n\n<div class=\"wp-block-media-text has-media-on-the-right is-stacked-on-mobile has-tertiary-background-color has-background\" style=\"grid-template-columns:auto 55%\"><div class=\"wp-block-media-text__content\">\n<p class=\"has-large-font-size\">Kiv\u00e1l\u00f3 fed\u0151k\u00e9pess\u00e9g<\/p>\n\n\n\n<p class=\"has-medium-font-size\">A Vinyl Matt t\u00f6k\u00e9letesen elfeldi az apr\u00f3bb hib\u00e1kat \u00e9s gy\u00f6ny\u00f6r\u0171 matt fel\u00fcletet var\u00e1zsol.<\/p>\n<\/div><figure class=\"wp-block-media-text__media\"><img decoding=\"async\" width=\"1200\" height=\"899\" src=\"https:\/\/www.thenordicmark.com\/hu\/wp-content\/uploads\/2024\/08\/image-13.jpg\" alt=\"\" class=\"wp-image-3823 size-full\" srcset=\"https:\/\/www.thenordicmark.com\/hu\/wp-content\/uploads\/2024\/08\/image-13.jpg 1200w, https:\/\/www.thenordicmark.com\/hu\/wp-content\/uploads\/2024\/08\/image-13-520x390.jpg 520w, https:\/\/www.thenordicmark.com\/hu\/wp-content\/uploads\/2024\/08\/image-13-768x575.jpg 768w\" sizes=\"(max-width: 1200px) 100vw, 1200px\" \/><\/figure><\/div>\n\n\n\n<div style=\"height:50px\" aria-hidden=\"true\" class=\"wp-block-spacer\"><\/div>\n\n\n\n<div class=\"wp-block-media-text is-stacked-on-mobile has-tertiary-background-color has-background\" style=\"grid-template-columns:55% auto\"><figure class=\"wp-block-media-text__media\"><img decoding=\"async\" width=\"1200\" height=\"800\" src=\"https:\/\/www.thenordicmark.com\/hu\/wp-content\/uploads\/2024\/08\/image-13-1.jpg\" alt=\"\" class=\"wp-image-3824 size-full\" srcset=\"https:\/\/www.thenordicmark.com\/hu\/wp-content\/uploads\/2024\/08\/image-13-1.jpg 1200w, https:\/\/www.thenordicmark.com\/hu\/wp-content\/uploads\/2024\/08\/image-13-1-520x347.jpg 520w, https:\/\/www.thenordicmark.com\/hu\/wp-content\/uploads\/2024\/08\/image-13-1-768x512.jpg 768w\" sizes=\"(max-width: 1200px) 100vw, 1200px\" \/><\/figure><div class=\"wp-block-media-text__content\">\n<p class=\"has-large-font-size\">Sz\u00e9les sz\u00ednv\u00e1laszt\u00e9k<\/p>\n\n\n\n<p>A nagy teljes\u00edtm\u00e9ny\u0171, teljesen matt Vinyl Matt a Tikkurila belt\u00e9ri sz\u00ednek sz\u00e9les v\u00e1laszt\u00e9k\u00e1ban sz\u00ednezhet\u0151.<\/p>\n<\/div><\/div>\n\n\n\n<div style=\"height:50px\" aria-hidden=\"true\" class=\"wp-block-spacer\"><\/div>\n\n\n\n<div class=\"wp-block-media-text has-media-on-the-right is-stacked-on-mobile has-tertiary-background-color has-background\" style=\"grid-template-columns:auto 55%\"><div class=\"wp-block-media-text__content\">\n<p class=\"has-large-font-size\">K\u00f6nnyen alkalmazhat\u00f3<\/p>\n\n\n\n<p>A fest\u00e9k kiv\u00e1l\u00f3 alkalmaz\u00e1si tulajdons\u00e1gokkal rendelkezik. Minim\u00e1lis er\u0151fesz\u00edt\u00e9ssel gy\u00f6ny\u00f6r\u0171, egyenletes fel\u00fclet \u00e9rhet\u0151 el.<\/p>\n<\/div><figure class=\"wp-block-media-text__media\"><img decoding=\"async\" width=\"1200\" height=\"823\" src=\"https:\/\/www.thenordicmark.com\/hu\/wp-content\/uploads\/2024\/08\/image-13-2.jpg\" alt=\"\" class=\"wp-image-3825 size-full\" srcset=\"https:\/\/www.thenordicmark.com\/hu\/wp-content\/uploads\/2024\/08\/image-13-2.jpg 1200w, https:\/\/www.thenordicmark.com\/hu\/wp-content\/uploads\/2024\/08\/image-13-2-520x357.jpg 520w, https:\/\/www.thenordicmark.com\/hu\/wp-content\/uploads\/2024\/08\/image-13-2-768x527.jpg 768w\" sizes=\"(max-width: 1200px) 100vw, 1200px\" \/><\/figure><\/div>\n\n\n\n<div style=\"height:70px\" aria-hidden=\"true\" class=\"wp-block-spacer\"><\/div>\n\n\n<div class=\"wp-block-image\">\n<figure class=\"aligncenter size-full is-resized\"><img decoding=\"async\" width=\"1200\" height=\"1200\" src=\"https:\/\/www.thenordicmark.com\/hu\/wp-content\/uploads\/2024\/08\/tikkurila_vinyl_matt_27L-1.png\" alt=\"\" class=\"wp-image-3836\" style=\"width:238px;height:auto\" srcset=\"https:\/\/www.thenordicmark.com\/hu\/wp-content\/uploads\/2024\/08\/tikkurila_vinyl_matt_27L-1.png 1200w, https:\/\/www.thenordicmark.com\/hu\/wp-content\/uploads\/2024\/08\/tikkurila_vinyl_matt_27L-1-520x520.png 520w, https:\/\/www.thenordicmark.com\/hu\/wp-content\/uploads\/2024\/08\/tikkurila_vinyl_matt_27L-1-240x240.png 240w, https:\/\/www.thenordicmark.com\/hu\/wp-content\/uploads\/2024\/08\/tikkurila_vinyl_matt_27L-1-768x768.png 768w\" sizes=\"(max-width: 1200px) 100vw, 1200px\" \/><\/figure><\/div>\n\n\n<p class=\"has-text-align-center\">A Vinyl Matt belt\u00e9ri falfest\u00e9ket keresd partner\u00fczleteinkben vagy rendeld meg online!<\/p>\n\n\n\n<div class=\"wp-block-buttons is-content-justification-center is-layout-flex wp-container-core-buttons-is-layout-a89b3969 wp-block-buttons-is-layout-flex\">\n<div class=\"wp-block-button has-custom-width wp-block-button__width-50 text-white\"><a class=\"wp-block-button__link has-base-color has-vivid-red-background-color has-text-color has-background has-link-color wp-element-button\" href=\"https:\/\/www.thenordicmark.com\/hu\/boltok\/\" style=\"border-style:none;border-width:0px;border-radius:0px;padding-top:5px;padding-right:var(--wp--preset--spacing--60);padding-bottom:5px;padding-left:var(--wp--preset--spacing--60)\"><strong>\u00dczletkeres\u0151<\/strong><\/a><\/div>\n<\/div>\n\n\n\n<div style=\"height:20px\" aria-hidden=\"true\" class=\"wp-block-spacer\"><\/div>\n\n\n\n<div class=\"wp-block-buttons is-content-justification-center is-layout-flex wp-container-core-buttons-is-layout-a89b3969 wp-block-buttons-is-layout-flex\">\n<div class=\"wp-block-button has-custom-width wp-block-button__width-50\"><a class=\"wp-block-button__link has-base-color has-text-color has-background has-link-color wp-element-button\" style=\"border-style:none;border-width:0px;border-radius:0px;background-color:#dcefef;padding-top:5px;padding-right:var(--wp--preset--spacing--60);padding-bottom:5px;padding-left:var(--wp--preset--spacing--60)\"><strong>Ir\u00e1ny az E-Shop<\/strong><\/a><\/div>\n<\/div>\n","protected":false},"excerpt":{"rendered":"<p>M1-BESOROL\u00c1SAz \u00e9p\u00edt\u0151ipari term\u00e9kekre vonatkoz\u00f3 finn kibocs\u00e1t\u00e1si c\u00edmkeaz egyik kiemelt vizsg\u00e1lati c\u00edmke a skandin\u00e1v r\u00e9gi\u00f3ban. AzM1 tulajdonk\u00e9ppen a legjobb kateg\u00f3ri\u00e1ra utal, melynekjelent\u00e9se: \u201ealacsony kibocs\u00e1t\u00e1si szint\u201d. Az M1-besorol\u00e1sk\u00f6vetelm\u00e9nyeket t\u00e1maszt az ill\u00e9kony szerves vegy\u00fcletek(VOC), a formaldehid, az amm\u00f3nia \u00e9s m\u00e1s anyagoktekintet\u00e9ben. \u00c9SZAKI HATTY\u00da \u00d6KOC\u00cdMKE Fenntarthat\u00f3 megold\u00e1sokat k\u00edn\u00e1l a term\u00e9k \u00e9letciklus-elemz\u00e9s alapj\u00e1n \u00e9s az el\u0151\u00e1ll\u00edt\u00e1sb\u00f3l sz\u00e1rmaz\u00f3 k\u00f6rnyezeti hat\u00e1s cs\u00f6kkent\u00e9se [&hellip;]<\/p>\n","protected":false},"author":1,"featured_media":0,"parent":0,"menu_order":0,"comment_status":"closed","ping_status":"closed","template":"","meta":{"_acf_changed":false,"inline_featured_image":false,"footnotes":""},"class_list":["post-3737","page","type-page","status-publish","hentry"],"acf":[],"_links":{"self":[{"href":"https:\/\/www.thenordicmark.com\/hu\/wp-json\/wp\/v2\/pages\/3737","targetHints":{"allow":["GET"]}}],"collection":[{"href":"https:\/\/www.thenordicmark.com\/hu\/wp-json\/wp\/v2\/pages"}],"about":[{"href":"https:\/\/www.thenordicmark.com\/hu\/wp-json\/wp\/v2\/types\/page"}],"author":[{"embeddable":true,"href":"https:\/\/www.thenordicmark.com\/hu\/wp-json\/wp\/v2\/users\/1"}],"replies":[{"embeddable":true,"href":"https:\/\/www.thenordicmark.com\/hu\/wp-json\/wp\/v2\/comments?post=3737"}],"version-history":[{"count":63,"href":"https:\/\/www.thenordicmark.com\/hu\/wp-json\/wp\/v2\/pages\/3737\/revisions"}],"predecessor-version":[{"id":3851,"href":"https:\/\/www.thenordicmark.com\/hu\/wp-json\/wp\/v2\/pages\/3737\/revisions\/3851"}],"wp:attachment":[{"href":"https:\/\/www.thenordicmark.com\/hu\/wp-json\/wp\/v2\/media?parent=3737"}],"curies":[{"name":"wp","href":"https:\/\/api.w.org\/{rel}","templated":true}]}}