{"id":12,"date":"2023-04-24T00:29:14","date_gmt":"2023-04-23T22:29:14","guid":{"rendered":"https:\/\/www.thenordicmark.com\/ro\/?page_id=12"},"modified":"2025-05-21T13:18:04","modified_gmt":"2025-05-21T10:18:04","slug":"produse","status":"publish","type":"page","link":"https:\/\/www.thenordicmark.com\/ro\/produse\/","title":{"rendered":"Produse"},"content":{"rendered":"\n<p>Portofoliul de produse este alc\u0103tuit cu prec\u0103dere din brandurile produc\u0103torilor de vopsele decorative \u0219i industriale. Aceste produse ofer\u0103 solu\u021bii viabile pentru fiecare, at\u00e2t pentru cei care prefer\u0103 durabilitatea calit\u0103\u021bii superioare, c\u00e2t \u0219i pentru cei care opteaz\u0103 pentru calitate economic\u0103, la pre\u021b corespunz\u0103tor. O parte major\u0103 a produselor este destinat\u0103 aplic\u0103rii profesionale \u00een inginerie \u0219i industria lemnului. Portofoliul este mai departe \u00eembog\u0103\u021bit de gama larg\u0103 de unelte de vopsire, adezivi, \u0219i produse decorative.<\/p>\n\n\n\n<p><\/p>\n","protected":false},"excerpt":{"rendered":"<p>Portofoliul de produse este alc\u0103tuit cu prec\u0103dere din brandurile produc\u0103torilor de vopsele decorative \u0219i industriale. Aceste produse ofer\u0103 solu\u021bii viabile pentru fiecare, at\u00e2t pentru cei care prefer\u0103 durabilitatea calit\u0103\u021bii superioare, c\u00e2t \u0219i pentru cei care opteaz\u0103 pentru calitate economic\u0103, la pre\u021b corespunz\u0103tor. O parte major\u0103 a produselor este destinat\u0103 aplic\u0103rii profesionale \u00een inginerie \u0219i industria [&hellip;]<\/p>\n","protected":false},"author":1,"featured_media":0,"parent":0,"menu_order":0,"comment_status":"closed","ping_status":"closed","template":"","meta":{"_acf_changed":false,"inline_featured_image":false,"footnotes":""},"class_list":["post-12","page","type-page","status-publish","hentry"],"acf":[],"_links":{"self":[{"href":"https:\/\/www.thenordicmark.com\/ro\/wp-json\/wp\/v2\/pages\/12","targetHints":{"allow":["GET"]}}],"collection":[{"href":"https:\/\/www.thenordicmark.com\/ro\/wp-json\/wp\/v2\/pages"}],"about":[{"href":"https:\/\/www.thenordicmark.com\/ro\/wp-json\/wp\/v2\/types\/page"}],"author":[{"embeddable":true,"href":"https:\/\/www.thenordicmark.com\/ro\/wp-json\/wp\/v2\/users\/1"}],"replies":[{"embeddable":true,"href":"https:\/\/www.thenordicmark.com\/ro\/wp-json\/wp\/v2\/comments?post=12"}],"version-history":[{"count":7,"href":"https:\/\/www.thenordicmark.com\/ro\/wp-json\/wp\/v2\/pages\/12\/revisions"}],"predecessor-version":[{"id":3325,"href":"https:\/\/www.thenordicmark.com\/ro\/wp-json\/wp\/v2\/pages\/12\/revisions\/3325"}],"wp:attachment":[{"href":"https:\/\/www.thenordicmark.com\/ro\/wp-json\/wp\/v2\/media?parent=12"}],"curies":[{"name":"wp","href":"https:\/\/api.w.org\/{rel}","templated":true}]}}