{"id":14,"date":"2023-04-24T00:29:24","date_gmt":"2023-04-23T22:29:24","guid":{"rendered":"https:\/\/www.thenordicmark.com\/ro\/?page_id=14"},"modified":"2026-03-17T16:45:51","modified_gmt":"2026-03-17T14:45:51","slug":"despre-noi","status":"publish","type":"page","link":"https:\/\/www.thenordicmark.com\/ro\/despre-noi\/","title":{"rendered":"Despre noi"},"content":{"rendered":"\n<p>Despre noi<\/p>\n\n\n\n<figure class=\"wp-block-embed is-type-video is-provider-youtube wp-block-embed-youtube wp-embed-aspect-16-9 wp-has-aspect-ratio\"><div class=\"wp-block-embed__wrapper\">\n<iframe loading=\"lazy\" title=\"Magazin de vopsele \u0219i accesorii Thenordicmark Brasov 4K\" width=\"500\" height=\"281\" src=\"https:\/\/www.youtube.com\/embed\/FsrFYhKdY1o?feature=oembed\" frameborder=\"0\" allow=\"accelerometer; autoplay; clipboard-write; encrypted-media; gyroscope; picture-in-picture; web-share\" referrerpolicy=\"strict-origin-when-cross-origin\" allowfullscreen><\/iframe>\n<\/div><\/figure>\n\n\n\n<p>Grupul thenordicmark este lider \u00een distribu\u021bia vopselelor decorative de calitate, a acoperirilor industriale, a uneltelor de vopsire \u0219i a altor materiale conexe \u00een Ungaria (din 1990), Rom\u00e2nia \u0219i Cehia. Echipa noastr\u0103 de peste 120 de profesioni\u0219ti deserve\u0219te mai mult de 1000 de parteneri din regiune, inclusiv o re\u021bea de peste 450 de ma\u0219ini de nuan\u021bare. Aria deservit\u0103 de c\u0103tre noi include cca. 36 de milioane de locuitori, cu afaceri estimate \u00een sectorul vopsele \u0219i acoperiri este de peste 800 de milioane EUR.<\/p>\n\n\n\n<div class=\"wp-block-columns is-layout-flex wp-container-core-columns-is-layout-28f84493 wp-block-columns-is-layout-flex\">\n<div class=\"wp-block-column is-layout-flow wp-block-column-is-layout-flow\">\n<figure class=\"wp-block-image size-full\"><img decoding=\"async\" width=\"683\" height=\"388\" src=\"https:\/\/www.thenordicmark.com\/ro\/wp-content\/uploads\/2023\/04\/onas1.jpg\" alt=\"\" class=\"wp-image-198\" srcset=\"https:\/\/www.thenordicmark.com\/ro\/wp-content\/uploads\/2023\/04\/onas1.jpg 683w, https:\/\/www.thenordicmark.com\/ro\/wp-content\/uploads\/2023\/04\/onas1-520x295.jpg 520w\" sizes=\"(max-width: 683px) 100vw, 683px\" \/><\/figure>\n<\/div>\n\n\n\n<div class=\"wp-block-column is-layout-flow wp-block-column-is-layout-flow\">\n<h3 class=\"wp-block-heading\">INDUSTRIA CONSTRUC\u021aIILOR<\/h3>\n\n\n\n<h4 class=\"wp-block-heading\">Produse pentru \u00eentreaga cas\u0103<\/h4>\n\n\n\n<p>Gama larg\u0103 de vopsele, unelte \u0219i adezivi include lacuri, vopsele, bai\u021buri, produse pentru tratamentul lemnului, emailuri, tencuieli \u0219i produse decorative cu efect special, de la calitatea economic\u0103 p\u00e2n\u0103 la cea superioar\u0103, at\u00e2t pentru profesioni\u0219ti, c\u00e2t \u0219i pentru utilizatorii DIY.<\/p>\n\n\n\n<p>Produsele sunt menite pentru aplicarea pe pere\u021bi \u0219i tavane, tratamentul suprafe\u021belor de lemn ca de ex. parchet, panouri, mobilier, balustrade \u0219i garduri, dar \u0219i pentru tratamentul suprafe\u021belor de metal la interior \u0219i exterior. Spectrul larg de produse este completat de tencuieli \u0219i vopsele pentru fa\u021bade. Datorit\u0103 sistemului sofisticat de nuan\u021bare, produsele sunt disponibile \u00een mii de culori.<\/p>\n<\/div>\n<\/div>\n\n\n\n<div class=\"wp-block-columns is-layout-flex wp-container-core-columns-is-layout-28f84493 wp-block-columns-is-layout-flex\">\n<div class=\"wp-block-column is-layout-flow wp-block-column-is-layout-flow\">\n<h3 class=\"wp-block-heading\">INDUSTRIA CONSTRUC\u021aIILOR<\/h3>\n\n\n\n<h4 class=\"wp-block-heading\">Produc\u021bie, \u00eentre\u021binere, poduri<\/h4>\n\n\n\n<p>Produse destinate pentru uz profesional \u00een cursul procesului de produc\u021bie \u00een inginerie, vopsire de recondi\u021bionare \u00een companii, sate \u0219i ora\u0219e, vopsirea ma\u0219inilor agricole, tratamentul de durat\u0103 al podurilor, rezervoarelor \u0219i structurilor de o\u021bel, dar \u0219i produse speciale pentru utilizare \u00een domeniul gestion\u0103rii de\u0219eurilor \u0219i al apei potabile.<\/p>\n\n\n\n<p>Uscarea rapid\u0103 permite utilizarea \u00een cicluri de fabrica\u021bie cu productivitate mare. Sistemul de nuan\u021bare Temaspeed permite acces la o gam\u0103 larg\u0103 a culorilor, iar ambalajele mici elimin\u0103 necesitatea cre\u0103rii de stoc.<\/p>\n<\/div>\n\n\n\n<div class=\"wp-block-column is-layout-flow wp-block-column-is-layout-flow\">\n<figure class=\"wp-block-image size-full\"><img decoding=\"async\" width=\"683\" height=\"388\" src=\"https:\/\/www.thenordicmark.com\/ro\/wp-content\/uploads\/2023\/04\/onas2.jpg\" alt=\"\" class=\"wp-image-199\" srcset=\"https:\/\/www.thenordicmark.com\/ro\/wp-content\/uploads\/2023\/04\/onas2.jpg 683w, https:\/\/www.thenordicmark.com\/ro\/wp-content\/uploads\/2023\/04\/onas2-520x295.jpg 520w\" sizes=\"(max-width: 683px) 100vw, 683px\" \/><\/figure>\n<\/div>\n<\/div>\n\n\n\n<div class=\"wp-block-columns is-layout-flex wp-container-core-columns-is-layout-28f84493 wp-block-columns-is-layout-flex\">\n<div class=\"wp-block-column is-layout-flow wp-block-column-is-layout-flow\">\n<figure class=\"wp-block-image size-full\"><img decoding=\"async\" width=\"683\" height=\"388\" src=\"https:\/\/www.thenordicmark.com\/ro\/wp-content\/uploads\/2023\/04\/onas3.jpg\" alt=\"\" class=\"wp-image-200\" srcset=\"https:\/\/www.thenordicmark.com\/ro\/wp-content\/uploads\/2023\/04\/onas3.jpg 683w, https:\/\/www.thenordicmark.com\/ro\/wp-content\/uploads\/2023\/04\/onas3-520x295.jpg 520w\" sizes=\"(max-width: 683px) 100vw, 683px\" \/><\/figure>\n<\/div>\n\n\n\n<div class=\"wp-block-column is-layout-flow wp-block-column-is-layout-flow\">\n<h3 class=\"wp-block-heading\">INDUSTRIA LEMNULUI<\/h3>\n\n\n\n<h4 class=\"wp-block-heading\">U\u0219i, ferestre \u0219i mobilier<\/h4>\n\n\n\n<p>Sisteme de acoperire profesionale, adezivi \u0219i unelte pentru utilizare \u00een industria de prelucrare a lemnului \u0219i industria mobilei. Portofoliul include produse adecvate pentru uz \u00een produc\u021bia u\u0219ilor \u0219i ferestrelor, a mobilierului pentru interior, a caselor \u0219i structurilor din lemn, dar \u0219i produse pentru recondi\u021bionarea cofrajelor \u0219i a structurilor din lemn.<\/p>\n\n\n\n<p>Uscarea rapid\u0103 permite utilizarea \u00een cicluri de fabrica\u021bie cu productivitate mare. Sistemul de nuan\u021bare permite acces la o gam\u0103 larg\u0103 a culorilor, iar ambalajele mici elimin\u0103 necesitatea cre\u0103rii de stoc.<\/p>\n<\/div>\n<\/div>\n","protected":false},"excerpt":{"rendered":"<p>Despre noi Grupul thenordicmark este lider \u00een distribu\u021bia vopselelor decorative de calitate, a acoperirilor industriale, a uneltelor de vopsire \u0219i a altor materiale conexe \u00een Ungaria (din 1990), Rom\u00e2nia \u0219i Cehia. Echipa noastr\u0103 de peste 120 de profesioni\u0219ti deserve\u0219te mai mult de 1000 de parteneri din regiune, inclusiv o re\u021bea de peste 450 de ma\u0219ini [&hellip;]<\/p>\n","protected":false},"author":1,"featured_media":196,"parent":0,"menu_order":0,"comment_status":"closed","ping_status":"closed","template":"","meta":{"_acf_changed":false,"inline_featured_image":false,"footnotes":""},"class_list":["post-14","page","type-page","status-publish","has-post-thumbnail","hentry"],"acf":[],"_links":{"self":[{"href":"https:\/\/www.thenordicmark.com\/ro\/wp-json\/wp\/v2\/pages\/14","targetHints":{"allow":["GET"]}}],"collection":[{"href":"https:\/\/www.thenordicmark.com\/ro\/wp-json\/wp\/v2\/pages"}],"about":[{"href":"https:\/\/www.thenordicmark.com\/ro\/wp-json\/wp\/v2\/types\/page"}],"author":[{"embeddable":true,"href":"https:\/\/www.thenordicmark.com\/ro\/wp-json\/wp\/v2\/users\/1"}],"replies":[{"embeddable":true,"href":"https:\/\/www.thenordicmark.com\/ro\/wp-json\/wp\/v2\/comments?post=14"}],"version-history":[{"count":7,"href":"https:\/\/www.thenordicmark.com\/ro\/wp-json\/wp\/v2\/pages\/14\/revisions"}],"predecessor-version":[{"id":3387,"href":"https:\/\/www.thenordicmark.com\/ro\/wp-json\/wp\/v2\/pages\/14\/revisions\/3387"}],"wp:featuredmedia":[{"embeddable":true,"href":"https:\/\/www.thenordicmark.com\/ro\/wp-json\/wp\/v2\/media\/196"}],"wp:attachment":[{"href":"https:\/\/www.thenordicmark.com\/ro\/wp-json\/wp\/v2\/media?parent=14"}],"curies":[{"name":"wp","href":"https:\/\/api.w.org\/{rel}","templated":true}]}}