{"id":3194,"date":"2024-05-15T15:29:34","date_gmt":"2024-05-15T12:29:34","guid":{"rendered":"https:\/\/www.thenordicmark.com\/ro\/?page_id=3194"},"modified":"2024-05-15T15:29:36","modified_gmt":"2024-05-15T12:29:36","slug":"valorile-grupului-thenordicmark","status":"publish","type":"page","link":"https:\/\/www.thenordicmark.com\/ro\/valorile-grupului-thenordicmark\/","title":{"rendered":"Valorile Grupului thenordicmark"},"content":{"rendered":"\n<p class=\"has-contrast-color has-text-color has-link-color has-medium-font-size wp-elements-e1b2431108867f6b599deb5d38c166d9\"><strong>Valorile Grupului thenordicmark<\/strong><\/p>\n\n\n\n<p><em>Valorile \u00een care credem\u2026<\/em><\/p>\n\n\n\n<div class=\"wp-block-buttons is-content-justification-space-between is-layout-flex wp-container-core-buttons-is-layout-9b408829 wp-block-buttons-is-layout-flex\" style=\"margin-top:var(--wp--preset--spacing--30);margin-bottom:var(--wp--preset--spacing--30)\">\n<div class=\"wp-block-button has-custom-font-size is-style-fill has-medium-font-size\"><a class=\"wp-block-button__link has-contrast-color has-text-color has-background has-link-color has-text-align-center wp-element-button\" style=\"background-color:#dcefef\"><strong>Respect fa\u021b\u0103 <\/strong><br><strong>de oameni<\/strong><\/a><\/div>\n\n\n\n<div class=\"wp-block-button has-custom-width wp-block-button__width-75 has-custom-font-size is-style-fill has-small-font-size\"><a class=\"wp-block-button__link has-contrast-color has-text-color has-background has-link-color wp-element-button\" style=\"background-color:#dcefef;padding-top:var(--wp--preset--spacing--30);padding-right:var(--wp--preset--spacing--30);padding-bottom:var(--wp--preset--spacing--30);padding-left:var(--wp--preset--spacing--30)\"><strong>Respect\u0103m toate persoanele<\/strong>, opiniile, clien\u021bii, colegii \u0219i alte p\u0103r\u021bi interesate, \u00een\u021beleg\u00e2nd diferen\u021bele dintre noi. Ne vorbim unii cu al\u021bii, nu unii despre al\u021bii. \u00centotdeauna ne \u021binem promisiunile.<\/a><\/div>\n<\/div>\n\n\n\n<div class=\"wp-block-buttons is-content-justification-space-between is-layout-flex wp-container-core-buttons-is-layout-d71bb2cd wp-block-buttons-is-layout-flex\" style=\"margin-top:var(--wp--preset--spacing--30);margin-bottom:var(--wp--preset--spacing--30)\">\n<div class=\"wp-block-button has-custom-font-size is-style-fill\" style=\"font-size:clamp(0.875rem, 0.875rem + ((1vw - 0.2rem) * 0.591), 1.2rem);\"><a class=\"wp-block-button__link has-contrast-color has-text-color has-background has-link-color wp-element-button\" style=\"background-color:#deebf7\"><strong>Agilitate<\/strong><\/a><\/div>\n\n\n\n<div class=\"wp-block-button has-custom-width wp-block-button__width-75 has-custom-font-size has-small-font-size\"><a class=\"wp-block-button__link has-contrast-color has-text-color has-background has-link-color wp-element-button\" style=\"background-color:#deebf7;padding-top:var(--wp--preset--spacing--30);padding-right:var(--wp--preset--spacing--30);padding-bottom:var(--wp--preset--spacing--30);padding-left:var(--wp--preset--spacing--30)\">Valor\u0103m capacitatea de a <strong>r\u0103spunde rapid \u0219i proactiv la provoc\u0103ri<\/strong> prin flexibilitate, inova\u021bie \u0219i rezolvarea eficient\u0103 a problemelor. Aceast\u0103 mentalitate ne \u00eemputernice\u0219te s\u0103 accept\u0103m imprevizibilitatea vie\u021bii \u0219i s\u0103 profit\u0103m de oportunit\u0103\u021bi pentru cre\u0219tere \u0219i succes. Suntem mereu disponibili pentru colegii \u0219i partenerii no\u0219tri.<\/a><\/div>\n<\/div>\n\n\n\n<div class=\"wp-block-buttons is-content-justification-space-between is-layout-flex wp-container-core-buttons-is-layout-d71bb2cd wp-block-buttons-is-layout-flex\" style=\"margin-top:var(--wp--preset--spacing--30);margin-bottom:var(--wp--preset--spacing--30)\">\n<div class=\"wp-block-button has-custom-font-size has-medium-font-size\"><a class=\"wp-block-button__link has-contrast-color has-text-color has-background has-link-color wp-element-button\" style=\"background-color:#d3efe6\"><strong>Curaj<\/strong><\/a><\/div>\n\n\n\n<div class=\"wp-block-button has-custom-width wp-block-button__width-75 has-custom-font-size has-small-font-size\"><a class=\"wp-block-button__link has-contrast-color has-text-color has-background has-link-color wp-element-button\" style=\"background-color:#d3efe6;padding-top:var(--wp--preset--spacing--30);padding-bottom:var(--wp--preset--spacing--30)\">D\u0103m exemplu, vis\u0103m la lucruri imposibile, provoc\u0103m conven\u021biile \u0219i cre\u0103m solu\u021bii inovatoare (chiar dac\u0103 \u00eent\u00e2mpin\u0103m rezisten\u021b\u0103). <strong>Explor\u0103m noi moduri de g\u00e2ndire<\/strong> \u0219i nu ne temem s\u0103 cerem ajutor. Ob\u021binerea celor mai bune rezultate necesit\u0103 adesea curajul de a \u00eenfrunta dificult\u0103\u021bile, de a vorbi deschis \u0219i de a sus\u021bine ceea ce credem.<\/a><\/div>\n<\/div>\n\n\n\n<div class=\"wp-block-buttons is-content-justification-space-between is-layout-flex wp-container-core-buttons-is-layout-d71bb2cd wp-block-buttons-is-layout-flex\" style=\"margin-top:var(--wp--preset--spacing--30);margin-bottom:var(--wp--preset--spacing--30)\">\n<div class=\"wp-block-button has-custom-font-size has-medium-font-size\"><a class=\"wp-block-button__link has-contrast-color has-text-color has-background has-link-color wp-element-button\" style=\"background-color:#d7e2f5\"><strong>Dezvoltare<\/strong><br><strong>personal\u0103<\/strong><\/a><\/div>\n\n\n\n<div class=\"wp-block-button has-custom-width wp-block-button__width-75 has-custom-font-size has-small-font-size\"><a class=\"wp-block-button__link has-contrast-color has-text-color has-background has-link-color wp-element-button\" style=\"background-color:#d7e2f5;padding-top:var(--wp--preset--spacing--30);padding-bottom:var(--wp--preset--spacing--30)\">Suntem dedica\u021bi dezvolt\u0103rii personale \u0219i <strong>ne sprijinim reciproc \u00een procesul de \u00eenv\u0103\u021bare<\/strong>. Adopt\u0103m provoc\u0103rile ca oportunit\u0103\u021bi pentru dezvoltare continu\u0103, stabilind obiective ambi\u021bioase pentru a prospera \u0219i a reu\u0219i \u00eempreun\u0103. Venim \u00eentotdeauna la munc\u0103 cu o atitudine constructiv\u0103 \u0219i facem tot posibilul s\u0103 cre\u0103m un mediu pozitiv \u0219i inspira\u021bional pentru toat\u0103 lumea.<\/a><\/div>\n<\/div>\n\n\n\n<div class=\"wp-block-buttons is-content-justification-space-between is-layout-flex wp-container-core-buttons-is-layout-d71bb2cd wp-block-buttons-is-layout-flex\" style=\"margin-top:var(--wp--preset--spacing--30);margin-bottom:var(--wp--preset--spacing--30)\">\n<div class=\"wp-block-button\"><a class=\"wp-block-button__link has-contrast-color has-text-color has-background has-link-color wp-element-button\" style=\"background-color:#e4f2d8\"><strong>Performan\u021b\u0103<\/strong><\/a><\/div>\n\n\n\n<div class=\"wp-block-button has-custom-width wp-block-button__width-75 has-custom-font-size has-small-font-size\"><a class=\"wp-block-button__link has-contrast-color has-text-color has-background has-link-color wp-element-button\" style=\"background-color:#e4f2d8;padding-top:var(--wp--preset--spacing--30);padding-bottom:var(--wp--preset--spacing--30)\">Stabilim \u021binte ridicate \u0219i ne dedic\u0103m proiectelor noastre pentru a asigura livrarea constant\u0103 a lucr\u0103rilor de cea mai \u00eenalt\u0103 calitate. <strong>Suntem deschi\u0219i, transparen\u021bi \u0219i respect\u0103m \u00eentotdeauna legea<\/strong>. Consider\u0103m toate \u021bintele convenite ca fiind contracte personale, nu doar promisiuni generale, \u0219i vom face \u00eentotdeauna tot posibilul pentru ca compania s\u0103 le ating\u0103. Cifrele reprezint\u0103 dovezi ale performan\u021bei noastre.<\/a><\/div>\n<\/div>\n\n\n\n<div class=\"wp-block-buttons is-content-justification-space-between is-layout-flex wp-container-core-buttons-is-layout-727c7052 wp-block-buttons-is-layout-flex\" style=\"margin-top:var(--wp--preset--spacing--30);margin-bottom:var(--wp--preset--spacing--30)\">\n<div class=\"wp-block-button has-custom-font-size\" style=\"font-size:clamp(14px, 0.875rem + ((1vw - 3.2px) * 0.341), 17px);\"><a class=\"wp-block-button__link has-contrast-color has-text-color has-background has-link-color wp-element-button\" style=\"background-color:#fff2cc\"><strong>Profesionalism<\/strong><\/a><\/div>\n\n\n\n<div class=\"wp-block-button has-custom-width wp-block-button__width-75 has-custom-font-size has-small-font-size\"><a class=\"wp-block-button__link has-contrast-color has-text-color has-background has-link-color wp-element-button\" style=\"background-color:#fff2cc;padding-top:var(--wp--preset--spacing--30);padding-bottom:var(--wp--preset--spacing--30)\"><strong>Venim preg\u0103ti\u021bi<\/strong>, cunoa\u0219tem obiectivele \u0219i avem \u00eentotdeauna planuri alternative \u00een cazul \u00een care planul principal nu func\u021bioneaz\u0103. Respect\u0103m termenele noastre pentru c\u0103 \u00een\u021belegem c\u0103 succesul altora depinde de contribu\u021bia noastr\u0103. Credem ferm \u00een puterea colectiv\u0103 a echipei, recunosc\u00e2nd \u00een acela\u0219i timp valoarea eforturilor individuale, deoarece ambele sunt esen\u021biale pentru succesul nostru.<\/a><\/div>\n<\/div>\n","protected":false},"excerpt":{"rendered":"<p>Valorile Grupului thenordicmark Valorile \u00een care credem\u2026<\/p>\n","protected":false},"author":1,"featured_media":0,"parent":0,"menu_order":0,"comment_status":"closed","ping_status":"closed","template":"","meta":{"_acf_changed":false,"inline_featured_image":false,"footnotes":""},"class_list":["post-3194","page","type-page","status-publish","hentry"],"acf":[],"_links":{"self":[{"href":"https:\/\/www.thenordicmark.com\/ro\/wp-json\/wp\/v2\/pages\/3194","targetHints":{"allow":["GET"]}}],"collection":[{"href":"https:\/\/www.thenordicmark.com\/ro\/wp-json\/wp\/v2\/pages"}],"about":[{"href":"https:\/\/www.thenordicmark.com\/ro\/wp-json\/wp\/v2\/types\/page"}],"author":[{"embeddable":true,"href":"https:\/\/www.thenordicmark.com\/ro\/wp-json\/wp\/v2\/users\/1"}],"replies":[{"embeddable":true,"href":"https:\/\/www.thenordicmark.com\/ro\/wp-json\/wp\/v2\/comments?post=3194"}],"version-history":[{"count":1,"href":"https:\/\/www.thenordicmark.com\/ro\/wp-json\/wp\/v2\/pages\/3194\/revisions"}],"predecessor-version":[{"id":3195,"href":"https:\/\/www.thenordicmark.com\/ro\/wp-json\/wp\/v2\/pages\/3194\/revisions\/3195"}],"wp:attachment":[{"href":"https:\/\/www.thenordicmark.com\/ro\/wp-json\/wp\/v2\/media?parent=3194"}],"curies":[{"name":"wp","href":"https:\/\/api.w.org\/{rel}","templated":true}]}}