{"id":3197,"date":"2024-06-17T12:30:54","date_gmt":"2024-06-17T09:30:54","guid":{"rendered":"https:\/\/www.thenordicmark.com\/ro\/?page_id=3197"},"modified":"2024-08-14T12:50:53","modified_gmt":"2024-08-14T09:50:53","slug":"cataloage","status":"publish","type":"page","link":"https:\/\/www.thenordicmark.com\/ro\/cataloage\/","title":{"rendered":"Cataloage"},"content":{"rendered":"\n<h1 class=\"wp-block-heading\">Cataloage<\/h1>\n\n\n\n<p>V\u0103 invit\u0103m s\u0103 explora\u021bi cataloagele produc\u0103torilor de renume \u0219i  s\u0103 descoperi\u021bi o gama larg\u0103 de vopsele \u0219i instrumente de \u00eenalt\u0103 calitate!<\/p>\n\n\n\n<div style=\"height:50px\" aria-hidden=\"true\" class=\"wp-block-spacer\"><\/div>\n\n\n\n<h2 class=\"wp-block-heading\">TIKKURILA<\/h2>\n\n\n<div class=\"_df_thumb \" id=\"df_3216\"  _slug=\"3216\" data-title=\"tikkurila\" wpoptions=\"true\" thumb=\"https:\/\/www.thenordicmark.com\/ro\/wp-content\/uploads\/2024\/06\/Tikkurila.webp\" thumbtype=\"\" >TIKKURILA<\/div><script class=\"df-shortcode-script\" nowprocket type=\"application\/javascript\">window.option_df_3216 = {\"outline\":[],\"autoEnableOutline\":\"false\",\"autoEnableThumbnail\":\"false\",\"overwritePDFOutline\":\"false\",\"direction\":\"1\",\"pageSize\":\"0\",\"source\":\"https:\\\/\\\/www.thenordicmark.com\\\/ro\\\/wp-content\\\/uploads\\\/2024\\\/06\\\/TIKKURILA-CATALOG-HU-RO.pdf\",\"wpOptions\":\"true\"}; if(window.DFLIP && window.DFLIP.parseBooks){window.DFLIP.parseBooks();}<\/script>\n\n\n\n<h2 class=\"wp-block-heading\">ANZA<\/h2>\n\n\n<div class=\"_df_thumb \" id=\"df_3234\"  _slug=\"3234\" data-title=\"anza\" wpoptions=\"true\" thumb=\"https:\/\/www.thenordicmark.com\/ro\/wp-content\/uploads\/2024\/06\/Anza-Catalog.jpg\" thumbtype=\"\" >ANZA<\/div><script class=\"df-shortcode-script\" nowprocket type=\"application\/javascript\">window.option_df_3234 = {\"outline\":[],\"autoEnableOutline\":\"false\",\"autoEnableThumbnail\":\"false\",\"overwritePDFOutline\":\"false\",\"direction\":\"1\",\"pageSize\":\"0\",\"source\":\"https:\\\/\\\/www.thenordicmark.com\\\/ro\\\/wp-content\\\/uploads\\\/2024\\\/06\\\/Anza-Catalog.pdf\",\"wpOptions\":\"true\"}; if(window.DFLIP && window.DFLIP.parseBooks){window.DFLIP.parseBooks();}<\/script>\n\n\n\n<h2 class=\"wp-block-heading\">BIOCOMB<\/h2>\n\n\n<div class=\"_df_thumb \" id=\"df_3239\"  _slug=\"3239\" data-title=\"biocomb\" wpoptions=\"true\" thumb=\"https:\/\/www.thenordicmark.com\/ro\/wp-content\/uploads\/2024\/06\/BioComb_RO.jpg\" thumbtype=\"\" >BIOCOMB<\/div><script class=\"df-shortcode-script\" nowprocket type=\"application\/javascript\">window.option_df_3239 = {\"outline\":[],\"autoEnableOutline\":\"false\",\"autoEnableThumbnail\":\"false\",\"overwritePDFOutline\":\"false\",\"direction\":\"1\",\"pageSize\":\"0\",\"source\":\"https:\\\/\\\/www.thenordicmark.com\\\/ro\\\/wp-content\\\/uploads\\\/2024\\\/06\\\/BioComb_RO.pdf\",\"wpOptions\":\"true\"}; if(window.DFLIP && window.DFLIP.parseBooks){window.DFLIP.parseBooks();}<\/script>\n\n\n\n<h2 class=\"wp-block-heading\">OWATROL<\/h2>\n\n\n<div class=\"_df_thumb \" id=\"df_3248\"  _slug=\"owatrol\" data-title=\"owatrol\" wpoptions=\"true\" thumb=\"https:\/\/www.thenordicmark.com\/ro\/wp-content\/uploads\/2024\/06\/Catalog-Owatrol-RO.webp\" thumbtype=\"\" >OWATROL<\/div><script class=\"df-shortcode-script\" nowprocket type=\"application\/javascript\">window.option_df_3248 = {\"outline\":[],\"autoEnableOutline\":\"false\",\"autoEnableThumbnail\":\"false\",\"overwritePDFOutline\":\"false\",\"direction\":\"1\",\"pageSize\":\"0\",\"source\":\"https:\\\/\\\/www.thenordicmark.com\\\/ro\\\/wp-content\\\/uploads\\\/2024\\\/06\\\/Catalog-Owatrol-RO.pdf\",\"wpOptions\":\"true\"}; if(window.DFLIP && window.DFLIP.parseBooks){window.DFLIP.parseBooks();}<\/script>\n\n\n\n<h2 class=\"wp-block-heading\">TIKKURILA INDUSTRIAL<\/h2>\n\n\n<div class=\"_df_thumb \" id=\"df_3253\"  _slug=\"tikkurila-industrial\" data-title=\"tikkurila-industrial\" wpoptions=\"true\" thumb=\"https:\/\/www.thenordicmark.com\/ro\/wp-content\/uploads\/2024\/06\/TIKKURILA_Industrial.webp\" thumbtype=\"\" >TIKKURILA INDUSTRIAL<\/div><script class=\"df-shortcode-script\" nowprocket type=\"application\/javascript\">window.option_df_3253 = {\"outline\":[],\"autoEnableOutline\":\"false\",\"autoEnableThumbnail\":\"false\",\"overwritePDFOutline\":\"false\",\"direction\":\"1\",\"pageSize\":\"0\",\"source\":\"https:\\\/\\\/www.thenordicmark.com\\\/ro\\\/wp-content\\\/uploads\\\/2024\\\/06\\\/TIKKURILA_Industrial_RO.pdf\",\"wpOptions\":\"true\"}; if(window.DFLIP && window.DFLIP.parseBooks){window.DFLIP.parseBooks();}<\/script>\n\n\n\n<h2 class=\"wp-block-heading\">MASTON<\/h2>\n\n\n<div class=\"_df_thumb \" id=\"df_3258\"  _slug=\"maston\" data-title=\"maston\" wpoptions=\"true\" thumb=\"https:\/\/www.thenordicmark.com\/ro\/wp-content\/uploads\/2024\/06\/1one.webp\" thumbtype=\"\" >MASTON<\/div><script class=\"df-shortcode-script\" nowprocket type=\"application\/javascript\">window.option_df_3258 = {\"outline\":[],\"autoEnableOutline\":\"false\",\"autoEnableThumbnail\":\"false\",\"overwritePDFOutline\":\"false\",\"direction\":\"1\",\"pageSize\":\"0\",\"source\":\"https:\\\/\\\/www.thenordicmark.com\\\/ro\\\/wp-content\\\/uploads\\\/2024\\\/06\\\/Maston_One_Brochure_RO.pdf\",\"wpOptions\":\"true\"}; if(window.DFLIP && window.DFLIP.parseBooks){window.DFLIP.parseBooks();}<\/script>\n\n\n\n<h2 class=\"wp-block-heading\">ZORKA<\/h2>\n\n\n<div class=\"_df_thumb \" id=\"df_3266\"  _slug=\"3266\" data-title=\"zorka\" wpoptions=\"true\" thumb=\"https:\/\/www.thenordicmark.com\/ro\/wp-content\/uploads\/2024\/07\/ZORKA_katalog_RO.jpg\" thumbtype=\"\" >ZORKA<\/div><script class=\"df-shortcode-script\" nowprocket type=\"application\/javascript\">window.option_df_3266 = {\"outline\":[],\"autoEnableOutline\":\"false\",\"autoEnableThumbnail\":\"false\",\"overwritePDFOutline\":\"false\",\"direction\":\"1\",\"pageSize\":\"0\",\"source\":\"https:\\\/\\\/www.thenordicmark.com\\\/ro\\\/wp-content\\\/uploads\\\/2024\\\/07\\\/ZORKA_katalog_RO.pdf\",\"wpOptions\":\"true\"}; if(window.DFLIP && window.DFLIP.parseBooks){window.DFLIP.parseBooks();}<\/script>\n","protected":false},"excerpt":{"rendered":"<p>Cataloage V\u0103 invit\u0103m s\u0103 explora\u021bi cataloagele produc\u0103torilor de renume \u0219i s\u0103 descoperi\u021bi o gama larg\u0103 de vopsele \u0219i instrumente de \u00eenalt\u0103 calitate! TIKKURILA ANZA BIOCOMB OWATROL TIKKURILA INDUSTRIAL MASTON ZORKA<\/p>\n","protected":false},"author":1,"featured_media":0,"parent":0,"menu_order":0,"comment_status":"closed","ping_status":"closed","template":"","meta":{"_acf_changed":false,"inline_featured_image":false,"footnotes":""},"class_list":["post-3197","page","type-page","status-publish","hentry"],"acf":[],"_links":{"self":[{"href":"https:\/\/www.thenordicmark.com\/ro\/wp-json\/wp\/v2\/pages\/3197","targetHints":{"allow":["GET"]}}],"collection":[{"href":"https:\/\/www.thenordicmark.com\/ro\/wp-json\/wp\/v2\/pages"}],"about":[{"href":"https:\/\/www.thenordicmark.com\/ro\/wp-json\/wp\/v2\/types\/page"}],"author":[{"embeddable":true,"href":"https:\/\/www.thenordicmark.com\/ro\/wp-json\/wp\/v2\/users\/1"}],"replies":[{"embeddable":true,"href":"https:\/\/www.thenordicmark.com\/ro\/wp-json\/wp\/v2\/comments?post=3197"}],"version-history":[{"count":22,"href":"https:\/\/www.thenordicmark.com\/ro\/wp-json\/wp\/v2\/pages\/3197\/revisions"}],"predecessor-version":[{"id":3314,"href":"https:\/\/www.thenordicmark.com\/ro\/wp-json\/wp\/v2\/pages\/3197\/revisions\/3314"}],"wp:attachment":[{"href":"https:\/\/www.thenordicmark.com\/ro\/wp-json\/wp\/v2\/media?parent=3197"}],"curies":[{"name":"wp","href":"https:\/\/api.w.org\/{rel}","templated":true}]}}